{"id":25855,"date":"2025-09-19T08:42:44","date_gmt":"2025-09-19T06:42:44","guid":{"rendered":"https:\/\/www.animateka.si\/2025\/?page_id=25855"},"modified":"2025-09-22T06:37:18","modified_gmt":"2025-09-22T04:37:18","slug":"slonov-tekmovalni-program-i","status":"publish","type":"page","link":"https:\/\/www.animateka.si\/2025\/program\/slonov-tekmovalni-program-i\/","title":{"rendered":"Slonov tekmovalni program I"},"content":{"rendered":"<p>[vc_row][vc_column width=&#8221;1\/2&#8243;][vc_single_image image=&#8221;25859&#8243; img_size=&#8221;large&#8221;][\/vc_column][vc_column width=&#8221;1\/2&#8243;][vc_column_text]<span style=\"font-size: small;\"><span lang=\"en-GB\"><b>Prvi let \/ First Flight<\/b><\/span><\/span><\/p>\n<p><span style=\"font-size: small;\"><span lang=\"en-GB\">Adri\u00e1n Jaff\u00e9 (neodvisni)<\/span><\/span><\/p>\n<p><span style=\"font-size: small;\"><span lang=\"en-GB\">Nem\u010dija, 2025, 3\u201918\u201d<\/span><\/span><\/p>\n<p><span style=\"font-size: small;\"><span lang=\"sl-SI\">Trije pti\u010dji mladi\u010di, ena velika preizku\u0161nja \u2013 njihov prvi let! A ko \u017eabe za\u010dnejo svojo prismuknjeno predstavo, nebo zavr\u0161i v vrtincu improvizacije \u2013 nekateri pti\u010dki se zavrtijo, drugi lebdijo v zraku, tretji pa samo upajo na najbolj\u0161e.<\/span><\/span>[\/vc_column_text][\/vc_column][\/vc_row][vc_row][vc_column width=&#8221;1\/2&#8243;][vc_single_image image=&#8221;25861&#8243; img_size=&#8221;large&#8221;][\/vc_column][vc_column width=&#8221;1\/2&#8243;][vc_column_text]<span style=\"font-size: small;\"><span lang=\"en-GB\"><b>Bilo je neko\u010d v Zmajevcih \/ Il \u00e9tait une fois \u00e0 Dragonville \/ Once Upon a Time in Dragonville<\/b><\/span><\/span><\/p>\n<p><span style=\"font-size: small;\"><span lang=\"en-GB\">Marika Herz (Folimage\/Nadasdy Film)<\/span><\/span><\/p>\n<p><span style=\"font-size: small;\"><span lang=\"en-GB\">Francija, \u0160vica, 2024, 9\u201915\u201d<\/span><\/span><\/p>\n<p><span style=\"font-size: small;\"><span lang=\"sl-SI\">Zmaju Samsonu se drugi prebivalci Gornjih Zmajevcev tako posmehujejo, da se mora preseliti v Spodnje \u010clove\u010dance. Tam spozna de\u010dka Simona, ki mu v te\u017eavah prisko\u010di na pomo\u010d. Samson tako odkrije nov svet, predvsem pa okusi prijateljstvo.<\/span><\/span>[\/vc_column_text][\/vc_column][\/vc_row][vc_row][vc_column width=&#8221;1\/2&#8243;][vc_single_image image=&#8221;25864&#8243; img_size=&#8221;large&#8221;][\/vc_column][vc_column width=&#8221;1\/2&#8243;][vc_column_text]<span style=\"font-size: small;\"><span lang=\"en-GB\"><b>Polno gnezdo \/ Volles Nest \/ Full Nest<\/b><\/span><\/span><\/p>\n<p><span style=\"font-size: small;\"><span lang=\"en-GB\">Elena Walf (Studio Film Bilder\/Minya Film and Animation)<\/span><\/span><\/p>\n<p><span style=\"font-size: small;\"><span lang=\"en-GB\">Nem\u010dija, Hrva\u0161ka, 2025, 5\u201940\u201d<\/span><\/span><\/p>\n<p><span style=\"font-size: small;\"><span lang=\"sl-SI\">Veverica se je pripravila na mrzlo zimo in si v gnezdu toplo postlala z najrazli\u010dnej\u0161imi nakradenimi re\u010dmi. Potem pa pride povodenj in gozdne \u017eivali se zate\u010dejo na Lenino kmetijo. Veverica bi jim rada pomagala \u2026 <\/span><\/span>[\/vc_column_text][\/vc_column][\/vc_row][vc_row][vc_column width=&#8221;1\/2&#8243;][vc_single_image image=&#8221;25866&#8243; img_size=&#8221;large&#8221;][\/vc_column][vc_column width=&#8221;1\/2&#8243;][vc_column_text]<span style=\"font-size: small;\"><span lang=\"en-GB\"><b>Bum tresk dirka \/ Morgenfugl og Murmeldyr: Rydderacet \/ The Rumble-Bumble Rally<\/b><\/span><\/span><\/p>\n<p><span style=\"font-size: small;\"><span lang=\"en-GB\">Annette Saugestad Helland, Johan Kaos (Mikrofilm)<\/span><\/span><\/p>\n<p><span style=\"font-size: small;\"><span lang=\"en-GB\">Norve\u0161ka, 2024, 8\u201940\u201d<\/span><\/span><\/p>\n<p><span style=\"font-size: small;\"><span lang=\"sl-SI\">Ali ve\u0161, da je dnevna soba v resnici dirkali\u0161\u010de? In da se pod kav\u010dem skriva stra\u0161ljiva jama? O\u010dka petletni Mathilde naro\u010di, naj pospravi avtomobil\u010dke. Prihajajo obiski in vsak mora kaj postoriti. A pospravljanje Mathilde ni\u010d kaj ne di\u0161i. K sre\u010di se pojavita njena mala nami\u0161ljena prijatelja in skupaj pripravijo pospravljalno dirko. Tri, \u0161tiri, zdaj \u2013 to bo divje! <\/span><\/span>[\/vc_column_text][\/vc_column][\/vc_row][vc_row][vc_column width=&#8221;1\/2&#8243;][vc_single_image image=&#8221;25868&#8243; img_size=&#8221;large&#8221;][\/vc_column][vc_column width=&#8221;1\/2&#8243;][vc_column_text]<span style=\"font-size: small;\"><span lang=\"en-GB\"><b>Igri\u0161\u010de \/ Playground<\/b><\/span><\/span><\/p>\n<p><span style=\"font-size: small;\"><span lang=\"en-GB\">Jojo Chongjaroenjai (neodvisni)<\/span><\/span><\/p>\n<p><span style=\"font-size: small;\"><span lang=\"en-GB\">ZDA, Tajska, 2024, 1\u201923\u201d<\/span><\/span><\/p>\n<p><span style=\"font-size: small;\"><span lang=\"sl-SI\">Sredi prikupnega mikrosveta med pisanimi listi in bujnim rastlinjem \u017eivi o\u010darljiva dru\u017eina listojedcev, ki vsakdanje zelenje spreminja v edinstvene igra\u010de.<\/span><\/span>[\/vc_column_text][\/vc_column][\/vc_row]<\/p>\n","protected":false},"excerpt":{"rendered":"<p>[vc_row][vc_column width=&#8221;1\/2&#8243;][vc_single_image image=&#8221;25859&#8243; img_size=&#8221;large&#8221;][\/vc_column][vc_column width=&#8221;1\/2&#8243;][vc_column_text]Prvi let \/ First Flight Adri\u00e1n Jaff\u00e9 (neodvisni) Nem\u010dija, 2025, 3\u201918\u201d Trije pti\u010dji mladi\u010di, ena velika preizku\u0161nja \u2013 njihov prvi let! A ko \u017eabe za\u010dnejo svojo prismuknjeno predstavo, nebo zavr\u0161i v vrtincu improvizacije \u2013 nekateri pti\u010dki se zavrtijo, drugi lebdijo v zraku, tretji pa samo upajo&nbsp;[&hellip;]<\/p>\n","protected":false},"author":1,"featured_media":0,"parent":25871,"menu_order":0,"comment_status":"closed","ping_status":"closed","template":"","meta":[],"acf":[],"_links":{"self":[{"href":"https:\/\/www.animateka.si\/2025\/wp-json\/wp\/v2\/pages\/25855"}],"collection":[{"href":"https:\/\/www.animateka.si\/2025\/wp-json\/wp\/v2\/pages"}],"about":[{"href":"https:\/\/www.animateka.si\/2025\/wp-json\/wp\/v2\/types\/page"}],"author":[{"embeddable":true,"href":"https:\/\/www.animateka.si\/2025\/wp-json\/wp\/v2\/users\/1"}],"replies":[{"embeddable":true,"href":"https:\/\/www.animateka.si\/2025\/wp-json\/wp\/v2\/comments?post=25855"}],"version-history":[{"count":7,"href":"https:\/\/www.animateka.si\/2025\/wp-json\/wp\/v2\/pages\/25855\/revisions"}],"predecessor-version":[{"id":27363,"href":"https:\/\/www.animateka.si\/2025\/wp-json\/wp\/v2\/pages\/25855\/revisions\/27363"}],"up":[{"embeddable":true,"href":"https:\/\/www.animateka.si\/2025\/wp-json\/wp\/v2\/pages\/25871"}],"wp:attachment":[{"href":"https:\/\/www.animateka.si\/2025\/wp-json\/wp\/v2\/media?parent=25855"}],"curies":[{"name":"wp","href":"https:\/\/api.w.org\/{rel}","templated":true}]}}