{"id":25888,"date":"2025-09-22T06:44:47","date_gmt":"2025-09-22T04:44:47","guid":{"rendered":"https:\/\/www.animateka.si\/2025\/?page_id=25888"},"modified":"2025-09-22T06:48:47","modified_gmt":"2025-09-22T04:48:47","slug":"slonov-tekmovalni-program-iii","status":"publish","type":"page","link":"https:\/\/www.animateka.si\/2025\/program\/slonov-tekmovalni-program-iii\/","title":{"rendered":"Slonov tekmovalni program III"},"content":{"rendered":"<p>[vc_row][vc_column width=&#8221;1\/2&#8243;][vc_single_image image=&#8221;25903&#8243; img_size=&#8221;large&#8221;][\/vc_column][vc_column width=&#8221;1\/2&#8243;][vc_column_text]<span style=\"font-size: small;\"><span lang=\"en-GB\"><b>UPS!<\/b><\/span><\/span><\/p>\n<p><span style=\"font-size: small;\"><span lang=\"en-GB\">Galv\u00e3o Bertazzi, Luis Canau (Animanostra)<\/span><\/span><\/p>\n<p><span style=\"font-size: small;\"><span lang=\"en-GB\">Portugalska, 2024, 11\u201917\u201d<\/span><\/span><\/p>\n<p><span style=\"font-size: small;\"><span lang=\"sl-SI\">Fant \u017eivi sredi neznosnega, du\u0161e\u010dega hrupa disfunkcionalne dru\u017eine. Dan na pla\u017ei bi mu lahko kon\u010dno prinesel nekaj trenutkov miru v tem peklenskem \u017eivljenju. <\/span><\/span>[\/vc_column_text][\/vc_column][\/vc_row][vc_row][vc_column width=&#8221;1\/2&#8243;][vc_single_image image=&#8221;25901&#8243; img_size=&#8221;large&#8221;][\/vc_column][vc_column width=&#8221;1\/2&#8243;][vc_column_text]<span style=\"font-size: small;\"><span lang=\"en-GB\"><b>\u010cas \/ Time<\/b><\/span><\/span><\/p>\n<p><span style=\"font-size: small;\"><span lang=\"en-GB\">Robert Loebel, Max M\u00f6rtl (Klimpa)<\/span><\/span><\/p>\n<p><span style=\"font-size: small;\"><span lang=\"en-GB\">Nem\u010dija, 2025, 5\u201942\u201d<\/span><\/span><\/p>\n<p><span style=\"font-size: small;\"><span lang=\"sl-SI\">Ta distopi\u010dni in tema\u010dno nenavadni animirani kratki film sestavljajo razdrobljene vinjete, v katerih se poti likov kri\u017eajo, vsak pa ostaja ujet v svojem ritmu \u010dasa.<\/span><\/span>[\/vc_column_text][\/vc_column][\/vc_row][vc_row][vc_column width=&#8221;1\/2&#8243;][vc_single_image image=&#8221;25899&#8243; img_size=&#8221;large&#8221;][\/vc_column][vc_column width=&#8221;1\/2&#8243;][vc_column_text]<span style=\"font-size: small;\"><span lang=\"en-GB\"><b>Rajske ptice \/ Rajskie Ptaki \/ Birds of Paradise<\/b><\/span><\/span><\/p>\n<p><span style=\"font-size: small;\"><span lang=\"en-GB\">Tomek Ducki (Egofilm\/Melocoton Films\/Paris Hendzel Studio)<\/span><\/span><\/p>\n<p><span style=\"font-size: small;\"><span lang=\"en-GB\">Poljska, Francija, 2025, 8\u201930\u201d<\/span><\/span><\/p>\n<p><span style=\"font-size: small;\"><span lang=\"sl-SI\">V krhki skupnosti, zgrajeni na pti\u010djih iztrebkih, skrivnostni predmet spro\u017ei revolucijo. Napredek pa terja presenetljiv davek.<\/span><\/span>[\/vc_column_text][\/vc_column][\/vc_row][vc_row][vc_column width=&#8221;1\/2&#8243;][vc_single_image image=&#8221;25897&#8243; img_size=&#8221;large&#8221;][\/vc_column][vc_column width=&#8221;1\/2&#8243;][vc_column_text]<span style=\"font-size: small;\"><span lang=\"en-GB\"><b>Ljudje gradimo najve\u010dja gnezda \/ Humans Build the Biggest Nests<\/b><\/span><\/span><\/p>\n<p><span style=\"font-size: small;\"><span lang=\"en-GB\">Isaac King (neodvisni\/independent)<\/span><\/span><\/p>\n<p><span style=\"font-size: small;\"><span lang=\"en-GB\">Kanada, 2024, 4\u2019<\/span><\/span><\/p>\n<p><span style=\"font-size: small;\"><span lang=\"sl-SI\">Katere so \u00bbnadle\u017ene \u017eivali\u00ab? In kaj so \u00bb\u017eivalski spremljevalci\u00ab? Njihove zgodbe in povezave med njimi se razkrijejo v igrivem prepletanju podob.<\/span><\/span>[\/vc_column_text][\/vc_column][\/vc_row][vc_row][vc_column width=&#8221;1\/2&#8243;][vc_single_image image=&#8221;25895&#8243; img_size=&#8221;large&#8221;][\/vc_column][vc_column width=&#8221;1\/2&#8243;][vc_column_text]<span style=\"font-size: small;\"><span lang=\"en-GB\"><b>Prijatelj v meni \/ My Gut Friend<\/b><\/span><\/span><\/p>\n<p><span style=\"font-size: small;\"><span lang=\"en-GB\">Jos\u00e9 Manuel Lo Bianco \u201cBecho\u201d, Mariano Andres Bergara \u201cMab\u201d (Can Can Club\/Primo\/Gut)<\/span><\/span><\/p>\n<p><span style=\"font-size: small;\"><span lang=\"en-GB\">Argentina, Mehika, 2025, 8\u201928\u201d<\/span><\/span><\/p>\n<p><span style=\"font-size: small;\"><span lang=\"sl-SI\">Jim je osamljen in ujet v dolgo\u010dasno rutino, potem pa se spomni otro\u0161kih let, ko je njegov najbolj\u0161i prijatelj postal njegov trebuh.<\/span><\/span>[\/vc_column_text][\/vc_column][\/vc_row][vc_row][vc_column width=&#8221;1\/2&#8243;][vc_single_image image=&#8221;25893&#8243; img_size=&#8221;large&#8221;][\/vc_column][vc_column width=&#8221;1\/2&#8243;][vc_column_text]<span style=\"font-size: small;\"><span lang=\"en-GB\"><b>Dekle, ki se ni balo medvedov \/ The Girl Who Wasn&#8217;t Afraid of Bears<\/b><\/span><\/span><\/p>\n<p><span style=\"font-size: small;\"><span lang=\"en-GB\">Lea Vu\u010dko (Invida\/CUB Animation\/Jaka Produkcija\/Octopics\/RTV Slovenia)<\/span><\/span><\/p>\n<p><span style=\"font-size: small;\"><span lang=\"en-GB\">Slovenija, Hrva\u0161ka, Mad\u017earska, 2025, 20\u2019<\/span><\/span><\/p>\n<p><span style=\"font-size: small;\"><span lang=\"sl-SI\"><i>Dekle, ki se ni balo medvedov<\/i><\/span><\/span><span style=\"font-size: small;\"><span lang=\"sl-SI\"> je balkanska bajka o dekletu, ki se preoble\u010de v mo\u0161kega in kljubuje svetu. Na poti premaguje \u010darobna bitja in lastne strahove \u2013 vse do sre\u010danja z legendarno po\u0161astjo, ki jo za vedno spremeni. <\/span><\/span>[\/vc_column_text][\/vc_column][\/vc_row][vc_row][vc_column width=&#8221;1\/2&#8243;][vc_single_image image=&#8221;25890&#8243; img_size=&#8221;large&#8221;][\/vc_column][vc_column width=&#8221;1\/2&#8243;][vc_column_text]<span style=\"font-size: small;\"><span lang=\"en-GB\"><b>Pravilo petih sekund \/ The 5-Second Rule<\/b><\/span><\/span><\/p>\n<p><span style=\"font-size: small;\"><span lang=\"en-GB\">Yura Boguslavsky (Invisible Friends)<\/span><\/span><\/p>\n<p><span style=\"font-size: small;\"><span lang=\"en-GB\">Armenija, 2025, 1\u201925\u201d<\/span><\/span><\/p>\n<p><span style=\"font-size: small;\"><span lang=\"sl-SI\">Kratki film v tehniki piksilacije, ki ga je izdelal kolektiv Invisible Friends (Nevidni prijatelji). Film se poigrava z dobro znanim pravilom petih sekund \u2013 prepri\u010danjem, da lahko hrano, ki pade na tla, pojemo, \u010de jo poberemo v najve\u010d petih sekundah.<\/span><\/span>[\/vc_column_text][\/vc_column][\/vc_row]<\/p>\n","protected":false},"excerpt":{"rendered":"<p>[vc_row][vc_column width=&#8221;1\/2&#8243;][vc_single_image image=&#8221;25903&#8243; img_size=&#8221;large&#8221;][\/vc_column][vc_column width=&#8221;1\/2&#8243;][vc_column_text]UPS! Galv\u00e3o Bertazzi, Luis Canau (Animanostra) Portugalska, 2024, 11\u201917\u201d Fant \u017eivi sredi neznosnega, du\u0161e\u010dega hrupa disfunkcionalne dru\u017eine. Dan na pla\u017ei bi mu lahko kon\u010dno prinesel nekaj trenutkov miru v tem peklenskem \u017eivljenju. [\/vc_column_text][\/vc_column][\/vc_row][vc_row][vc_column width=&#8221;1\/2&#8243;][vc_single_image image=&#8221;25901&#8243; img_size=&#8221;large&#8221;][\/vc_column][vc_column width=&#8221;1\/2&#8243;][vc_column_text]\u010cas \/ Time Robert Loebel, Max M\u00f6rtl (Klimpa) Nem\u010dija, 2025,&nbsp;[&hellip;]<\/p>\n","protected":false},"author":1,"featured_media":0,"parent":25871,"menu_order":0,"comment_status":"closed","ping_status":"closed","template":"","meta":[],"acf":[],"_links":{"self":[{"href":"https:\/\/www.animateka.si\/2025\/wp-json\/wp\/v2\/pages\/25888"}],"collection":[{"href":"https:\/\/www.animateka.si\/2025\/wp-json\/wp\/v2\/pages"}],"about":[{"href":"https:\/\/www.animateka.si\/2025\/wp-json\/wp\/v2\/types\/page"}],"author":[{"embeddable":true,"href":"https:\/\/www.animateka.si\/2025\/wp-json\/wp\/v2\/users\/1"}],"replies":[{"embeddable":true,"href":"https:\/\/www.animateka.si\/2025\/wp-json\/wp\/v2\/comments?post=25888"}],"version-history":[{"count":3,"href":"https:\/\/www.animateka.si\/2025\/wp-json\/wp\/v2\/pages\/25888\/revisions"}],"predecessor-version":[{"id":25905,"href":"https:\/\/www.animateka.si\/2025\/wp-json\/wp\/v2\/pages\/25888\/revisions\/25905"}],"up":[{"embeddable":true,"href":"https:\/\/www.animateka.si\/2025\/wp-json\/wp\/v2\/pages\/25871"}],"wp:attachment":[{"href":"https:\/\/www.animateka.si\/2025\/wp-json\/wp\/v2\/media?parent=25888"}],"curies":[{"name":"wp","href":"https:\/\/api.w.org\/{rel}","templated":true}]}}