{"id":25985,"date":"2025-11-03T15:47:44","date_gmt":"2025-11-03T14:47:44","guid":{"rendered":"https:\/\/www.animateka.si\/2025\/?page_id=25985"},"modified":"2025-11-07T14:33:06","modified_gmt":"2025-11-07T13:33:06","slug":"delavnice-animiranega-filma","status":"publish","type":"page","link":"https:\/\/www.animateka.si\/2025\/delavnice-animiranega-filma\/","title":{"rendered":"Delavnice animiranega filma"},"content":{"rendered":"<p>[vc_row css=&#8221;.vc_custom_1604469580079{margin-right: 5px !important;margin-left: 5px !important;}&#8221;][vc_column][vc_empty_space height=&#8221;40px&#8221;][vc_custom_heading source=&#8221;post_title&#8221; font_container=&#8221;tag:h2|text_align:center&#8221; use_theme_fonts=&#8221;yes&#8221; link=&#8221;|||&#8221;][vc_empty_space height=&#8221;20px&#8221;][vc_separator][\/vc_column][\/vc_row][vc_row][vc_column width=&#8221;1\/2&#8243;][vc_single_image image=&#8221;25987&#8243; img_size=&#8221;large&#8221;][\/vc_column][vc_column width=&#8221;1\/2&#8243;][vc_column_text]<strong>Igli\u010dasti ekran, 7+<br \/>\n<\/strong>3\/12<br \/>\n16.00\u201319.00<br \/>\nMSUM<\/p>\n<p>Na delavnici bomo spoznali redko animacijsko napravo, imenovano igli\u010dasti ekran, s katero bomo ustvarjali slike iz svetlobe in senc. Delavnico bo vodil Alexandre Noyer iz Francije \u2013 mojster te zanimive tehnike in izdelovalec igli\u010dastih ekranov.<\/p>\n<p>Igli\u010dasti ekran je bel, pokon\u010den zaslon z mno\u017eico drobnih luknjic, v katere so vstavljeni tanki \u017eeblji\u010dki. Ko \u017eeblji\u010dke potisnemo naprej, postane povr\u0161ina svetlej\u0161a, ko jih povle\u010demo nazaj, pa temnej\u0161a. Ob stranski osvetlitvi na zaslonu nastajajo sence, ki jih lahko oblikujemo kot risbo. Tako nastajajo slike v razli\u010dnih odtenkih sive \u2013 kot bi risali s svetlobo!<br \/>\nNa delavnici bomo s pomo\u010djo odtiskovanja ustvarili razli\u010dne podobe, jih fotografirali sli\u010dico za sli\u010dico, na koncu pa jih povezali v kratek animirani film.<\/p>\n<p><strong><a href=\"https:\/\/forms.gle\/XFQRcPVWfMz4wBuP6\">PRIJAVNICA<\/a><br \/>\n<\/strong><br \/>\nINFO: <a href=\"mailto:delavnice@animateka.si\">delavnice@animateka.si<\/a><br \/>\nDO: 2\/12 ali do zapolnitve mest[\/vc_column_text][\/vc_column][\/vc_row][vc_row][vc_column][vc_separator][\/vc_column][\/vc_row][vc_row][vc_column width=&#8221;1\/2&#8243;][vc_single_image image=&#8221;25997&#8243; img_size=&#8221;large&#8221;][\/vc_column][vc_column width=&#8221;1\/2&#8243;][vc_column_text]<strong>Animirana igrica, 10+<br \/>\n<\/strong>5\/12<br \/>\n16.00\u201319.00<br \/>\nMestna galerija<\/p>\n<p>Na delavnici se bomo posvetili ustvarjanju domiselnih likov. Pomembno je oblikovati lik, ki pritegne pozornost \u2013 morda ima ve\u010d nog, deset parov o\u010di ali nenavadne dodatke, ki odpirajo zanimiva vpra\u0161anja, kako bi se tak\u0161no bitje premikalo, sko\u010dilo ali poletelo.<\/p>\n<p>Ko bo lik zasnovan, ga bomo animirali v tehniki stop animacije. Posneli bomo 12 sli\u010dic za enostaven cikel hoje (loop). V drugi fazi bomo animacijo prenesli v digitalno okolje in lik integrirali v enostavno videoigrico. Uporabili bomo brezpla\u010dna programa stop motion studio in scratch, ki ju bodo po delavnici lahko udele\u017eenci uporabili tudi doma. Delavnica bo zdru\u017eevala elemente ilustracije, animacije in osnove ustvarjanja videoiger.<\/p>\n<p><strong><a href=\"https:\/\/forms.gle\/NJRNAyPKLHPaYd6D7\">PRIJAVNICA<\/a><br \/>\n<\/strong><br \/>\nINFO: <a href=\"mailto:delavnice@animateka.si\">delavnice@animateka.si<\/a><br \/>\nDO: 4\/12 ali do zapolnitve mest[\/vc_column_text][\/vc_column][\/vc_row][vc_row][vc_column][vc_separator][\/vc_column][\/vc_row][vc_row][vc_column width=&#8221;1\/2&#8243;][vc_single_image image=&#8221;26000&#8243; img_size=&#8221;large&#8221;][\/vc_column][vc_column width=&#8221;1\/2&#8243;][vc_column_text]<strong>Majhen svet \u2013 mini set, 8+<br \/>\n<\/strong>6\/12<br \/>\n17.00\u201319.00<br \/>\nSlovenska kinoteka<\/p>\n<p>Na delavnici bomo obiskali \u010disto majhen filmski set, svet animiranega filma na razstavi <em>Zgodbe iz \u010darobnega vrta<\/em>. Ogledali si bomo gozd pisanih ptic in pomanj\u0161ano ulico, ki so ju filmski ustvarjalci uporabili pri snemanju. Tokrat se ne bomo posve\u010dali animaciji, temve\u010d scenografiji in rekvizitom. Zamislili si bomo prizori\u0161\u010de svojega filma ter iz razli\u010dnih materialov izdelovali vse, kar bo na\u0161 prizor potreboval: od miniaturnih sla\u0161\u010dic, zvezkov in pohi\u0161tva do pisanih kamnov, ribnikov in \u010darobnih predmetov. Ko bomo z izdelki zadovoljni, jih bomo odnesli na animacijsko postajo, ki nas \u017ee pri\u010dakuje na razstavi. Po koncu delavnice bodo rekviziti postali del razstave in jih bodo lahko uporabljali tudi drugi obiskovalci.<\/p>\n<p><strong><a href=\"https:\/\/forms.gle\/n5NpdgRhhiKScKmX7\">PRIJAVNICA<\/a><br \/>\n<\/strong><br \/>\nINFO: <a href=\"mailto:delavnice@animateka.si\">delavnice@animateka.si<\/a><br \/>\nDO: 5\/12 ali do zapolnitve mest[\/vc_column_text][\/vc_column][\/vc_row]<\/p>\n","protected":false},"excerpt":{"rendered":"<p>[vc_row css=&#8221;.vc_custom_1604469580079{margin-right: 5px !important;margin-left: 5px !important;}&#8221;][vc_column][vc_empty_space height=&#8221;40px&#8221;][vc_custom_heading source=&#8221;post_title&#8221; font_container=&#8221;tag:h2|text_align:center&#8221; use_theme_fonts=&#8221;yes&#8221; link=&#8221;|||&#8221;][vc_empty_space height=&#8221;20px&#8221;][vc_separator][\/vc_column][\/vc_row][vc_row][vc_column width=&#8221;1\/2&#8243;][vc_single_image image=&#8221;25987&#8243; img_size=&#8221;large&#8221;][\/vc_column][vc_column width=&#8221;1\/2&#8243;][vc_column_text]Igli\u010dasti ekran, 7+ 3\/12 16.00\u201319.00 MSUM Na delavnici bomo spoznali redko animacijsko napravo, imenovano igli\u010dasti ekran, s katero bomo ustvarjali slike iz svetlobe in senc. Delavnico bo vodil Alexandre Noyer iz Francije \u2013 mojster te&nbsp;[&hellip;]<\/p>\n","protected":false},"author":83,"featured_media":25987,"parent":0,"menu_order":0,"comment_status":"closed","ping_status":"closed","template":"page-templates\/template_page-builder.php","meta":[],"acf":[],"_links":{"self":[{"href":"https:\/\/www.animateka.si\/2025\/wp-json\/wp\/v2\/pages\/25985"}],"collection":[{"href":"https:\/\/www.animateka.si\/2025\/wp-json\/wp\/v2\/pages"}],"about":[{"href":"https:\/\/www.animateka.si\/2025\/wp-json\/wp\/v2\/types\/page"}],"author":[{"embeddable":true,"href":"https:\/\/www.animateka.si\/2025\/wp-json\/wp\/v2\/users\/83"}],"replies":[{"embeddable":true,"href":"https:\/\/www.animateka.si\/2025\/wp-json\/wp\/v2\/comments?post=25985"}],"version-history":[{"count":13,"href":"https:\/\/www.animateka.si\/2025\/wp-json\/wp\/v2\/pages\/25985\/revisions"}],"predecessor-version":[{"id":26006,"href":"https:\/\/www.animateka.si\/2025\/wp-json\/wp\/v2\/pages\/25985\/revisions\/26006"}],"wp:featuredmedia":[{"embeddable":true,"href":"https:\/\/www.animateka.si\/2025\/wp-json\/wp\/v2\/media\/25987"}],"wp:attachment":[{"href":"https:\/\/www.animateka.si\/2025\/wp-json\/wp\/v2\/media?parent=25985"}],"curies":[{"name":"wp","href":"https:\/\/api.w.org\/{rel}","templated":true}]}}