{"id":26229,"date":"2025-11-10T14:42:28","date_gmt":"2025-11-10T13:42:28","guid":{"rendered":"https:\/\/www.animateka.si\/2025\/?page_id=26229"},"modified":"2025-11-10T14:42:28","modified_gmt":"2025-11-10T13:42:28","slug":"krotilci-senc","status":"publish","type":"page","link":"https:\/\/www.animateka.si\/2025\/krotilci-senc\/","title":{"rendered":"Krotilci senc: O umetnosti igli\u010dastega ekrana"},"content":{"rendered":"<p>[vc_row css=&#8221;.vc_custom_1604469580079{margin-right: 5px !important;margin-left: 5px !important;}&#8221;][vc_column][vc_empty_space height=&#8221;40px&#8221;][vc_custom_heading source=&#8221;post_title&#8221; font_container=&#8221;tag:h2|text_align:center&#8221; use_theme_fonts=&#8221;yes&#8221; link=&#8221;|||&#8221;][vc_empty_space height=&#8221;20px&#8221;][vc_separator][\/vc_column][\/vc_row][vc_row][vc_column][vc_column_text]<strong>Krotilci senc: O umetnosti igli\u010dastega ekrana<br \/>\n<\/strong><strong>Razstava, posve\u010dena Jacquesu Drouinu (1943\u20132021)\u00a0<\/strong><\/p>\n<p>Slovenska kinoteka<br \/>\n1\u20137\/12<\/p>\n<p>Razstava Krotilci senc predstavlja edinstveno tehniko animacije za o\u017eivljanje senc in gravur, ki sta jo leta 1931 izna\u0161la Alexandre Alexe\u00efeff in Claire Parker. Z zgodovinskim gradivom, dokumenti in sodobnimi deli ori\u0161e pot igli\u010dastega ekrana od iznajdbe v Parizu in ustvarjalne dedi\u0161\u010dine v kanadskem Nacionalnem filmskem svetu (NFB) do nedavnega preporoda v Franciji in drugod po svetu.[\/vc_column_text][\/vc_column][\/vc_row]<\/p>\n","protected":false},"excerpt":{"rendered":"<p>[vc_row css=&#8221;.vc_custom_1604469580079{margin-right: 5px !important;margin-left: 5px !important;}&#8221;][vc_column][vc_empty_space height=&#8221;40px&#8221;][vc_custom_heading source=&#8221;post_title&#8221; font_container=&#8221;tag:h2|text_align:center&#8221; use_theme_fonts=&#8221;yes&#8221; link=&#8221;|||&#8221;][vc_empty_space height=&#8221;20px&#8221;][vc_separator][\/vc_column][\/vc_row][vc_row][vc_column][vc_column_text]Krotilci senc: O umetnosti igli\u010dastega ekrana Razstava, posve\u010dena Jacquesu Drouinu (1943\u20132021)\u00a0 Slovenska kinoteka 1\u20137\/12 Razstava Krotilci senc predstavlja edinstveno tehniko animacije za o\u017eivljanje senc in gravur, ki sta jo leta 1931 izna\u0161la Alexandre Alexe\u00efeff in Claire Parker. Z zgodovinskim&nbsp;[&hellip;]<\/p>\n","protected":false},"author":83,"featured_media":26127,"parent":0,"menu_order":0,"comment_status":"closed","ping_status":"closed","template":"page-templates\/template_page-builder.php","meta":[],"acf":[],"_links":{"self":[{"href":"https:\/\/www.animateka.si\/2025\/wp-json\/wp\/v2\/pages\/26229"}],"collection":[{"href":"https:\/\/www.animateka.si\/2025\/wp-json\/wp\/v2\/pages"}],"about":[{"href":"https:\/\/www.animateka.si\/2025\/wp-json\/wp\/v2\/types\/page"}],"author":[{"embeddable":true,"href":"https:\/\/www.animateka.si\/2025\/wp-json\/wp\/v2\/users\/83"}],"replies":[{"embeddable":true,"href":"https:\/\/www.animateka.si\/2025\/wp-json\/wp\/v2\/comments?post=26229"}],"version-history":[{"count":1,"href":"https:\/\/www.animateka.si\/2025\/wp-json\/wp\/v2\/pages\/26229\/revisions"}],"predecessor-version":[{"id":26230,"href":"https:\/\/www.animateka.si\/2025\/wp-json\/wp\/v2\/pages\/26229\/revisions\/26230"}],"wp:featuredmedia":[{"embeddable":true,"href":"https:\/\/www.animateka.si\/2025\/wp-json\/wp\/v2\/media\/26127"}],"wp:attachment":[{"href":"https:\/\/www.animateka.si\/2025\/wp-json\/wp\/v2\/media?parent=26229"}],"curies":[{"name":"wp","href":"https:\/\/api.w.org\/{rel}","templated":true}]}}