{"id":26407,"date":"2025-11-10T14:54:11","date_gmt":"2025-11-10T13:54:11","guid":{"rendered":"https:\/\/www.animateka.si\/2025\/?page_id=26407"},"modified":"2025-11-11T17:23:10","modified_gmt":"2025-11-11T16:23:10","slug":"tekmovalni-program-iii","status":"publish","type":"page","link":"https:\/\/www.animateka.si\/2025\/tekmovalni-program-iii\/","title":{"rendered":"Tekmovalni program III"},"content":{"rendered":"<p>[vc_row css=&#8221;.vc_custom_1604469580079{margin-right: 5px !important;margin-left: 5px !important;}&#8221;][vc_column][vc_empty_space height=&#8221;40px&#8221;][vc_custom_heading source=&#8221;post_title&#8221; font_container=&#8221;tag:h2|text_align:center&#8221; use_theme_fonts=&#8221;yes&#8221; link=&#8221;|||&#8221;][vc_empty_space height=&#8221;20px&#8221;][vc_separator][\/vc_column][\/vc_row][vc_row][vc_column][vc_column_text]Najbolj\u0161i novi animirani filmi iz srednje in vzhodne Evrope se potegujejo za nagrado ob\u010dinstva in veliko nagrado mednarodne \u017eirije. Med re\u017eiserji najdemo tako legendarne animatorje kot avtorje prvencev in vse vmes.[\/vc_column_text][\/vc_column][\/vc_row][vc_row][vc_column width=&#8221;1\/2&#8243;][vc_column_text]Dol\u017eina: 74&#8242;[\/vc_column_text][\/vc_column][vc_column width=&#8221;1\/2&#8243;][vc_btn title=&#8221;Kinodvor, 3\/12 ob 21:00&#8243; style=&#8221;classic&#8221; shape=&#8221;square&#8221; color=&#8221;black&#8221; size=&#8221;sm&#8221; align=&#8221;right&#8221; link=&#8221;|||&#8221;][\/vc_column][\/vc_row][vc_row][vc_column][vc_separator][vc_column_text]\t\r\n<div class=\"vc_row wpb_row vc_row-fluid\">\r\n\t<div class=\"wpb_column vc_column_container vc_col-sm-6\">\r\n\t\t<div class=\"vc_column-inner\">\r\n\t\t\t<div class=\"wpb_wrapper\">\r\n\t\t\t\t<div class=\"wpb_single_image wpb_content_element vc_align_center\">\r\n\t\t\r\n\t\t\t\t\t<figure class=\"wpb_wrapper vc_figure\">\r\n\t\t\t\t\t\t<div class=\"vc_single_image-wrapper   vc_box_border_grey\"><img class=\"vc_single_image-img\" src=\"https:\/\/animateka.filmchief.com\/f\/files\/Koer_Dog_Gyop%C3%A1r-Orsolya%20B%C3%BAz%C3%A1si_Rebel%20Frame%20%281%29%20copy.jpg\"><\/div>\r\n\t\t\t\t\t<\/figure>\r\n\t\t\t\t<\/div>\r\n\t\t\t<\/div>\r\n\t\t<\/div>\r\n\t<\/div>\r\n\t<div class=\"wpb_column vc_column_container vc_col-sm-6\">\r\n\t\t<div class=\"vc_column-inner\"><div class=\"wpb_wrapper\">\r\n\t\t\t<div class=\"wpb_text_column wpb_content_element \">\r\n\t\t\t\t<div class=\"wpb_wrapper\">\r\n\t\t\t<h2>Pes \/ The Dog<\/h2><br>Kaspar Jancis (Rebel Frame)<\/br>Estonija, 2025, 5'40''<\/br><br><p><p>Polno\u010dni \u0161tudent bi rad zapeljal posebno damo z imenom Mese\u010deva orhideja, a njegova pojava nanjo ne naredi vtisa. Za lepotno preobrazbo se obrne na \u010dudodelnega zdravilca. Absurdna alegori\u010dna pripoved, ki je nastala po navdihu starodavne kitajske eroti\u010dne literature, nastavlja komi\u010dno ogledalo na\u0161i sodobni ne\u010dimrnosti.<\/p> <\/p>\r\n\r\n\t\t<\/div>\r\n\t<\/div>\r\n<\/div><\/div><\/div><\/div>\r\n\t<br>\r\n\t<div class=\"vc_col-sm-12 vc_gitem-col vc_gitem-col-align-\"><div class=\"vc_separator wpb_content_element vc_separator_align_center vc_sep_width_100 vc_sep_pos_align_center vc_separator_no_text vc_sep_color_grey\"><span class=\"vc_sep_holder vc_sep_holder_l\"><span class=\"vc_sep_line\"><\/span><\/span><span class=\"vc_sep_holder vc_sep_holder_r\"><span class=\"vc_sep_line\"><\/span><\/span>\r\n<\/div><\/div><br>\t\r\n<div class=\"vc_row wpb_row vc_row-fluid\">\r\n\t<div class=\"wpb_column vc_column_container vc_col-sm-6\">\r\n\t\t<div class=\"vc_column-inner\">\r\n\t\t\t<div class=\"wpb_wrapper\">\r\n\t\t\t\t<div class=\"wpb_single_image wpb_content_element vc_align_center\">\r\n\t\t\r\n\t\t\t\t\t<figure class=\"wpb_wrapper vc_figure\">\r\n\t\t\t\t\t\t<div class=\"vc_single_image-wrapper   vc_box_border_grey\"><img class=\"vc_single_image-img\" src=\"https:\/\/animateka.filmchief.com\/f\/files\/PSIH-10.jpg\"><\/div>\r\n\t\t\t\t\t<\/figure>\r\n\t\t\t\t<\/div>\r\n\t\t\t<\/div>\r\n\t\t<\/div>\r\n\t<\/div>\r\n\t<div class=\"wpb_column vc_column_container vc_col-sm-6\">\r\n\t\t<div class=\"vc_column-inner\"><div class=\"wpb_wrapper\">\r\n\t\t\t<div class=\"wpb_text_column wpb_content_element \">\r\n\t\t\t\t<div class=\"wpb_wrapper\">\r\n\t\t\t<h2>Psihonavti \/ Psychonauts<\/h2><br>Niko Radas (Croatian Association of Digital Artists, Patients of University Psychiatric Hospital Vrap\u010de, Zagreb Film)<\/br>Hrva\u0161ka, 2025, 8'00''<\/br><br><p><p>Du\u0161evne motnje zapustijo \u010dlove\u0161ke gostitelje, zavzamejo antropomorfne oblike in si poi\u0161\u010dejo nova zato\u010di\u0161\u010da.<\/p> <\/p>\r\n\r\n\t\t<\/div>\r\n\t<\/div>\r\n<\/div><\/div><\/div><\/div>\r\n\t<br>\r\n\t<div class=\"vc_col-sm-12 vc_gitem-col vc_gitem-col-align-\"><div class=\"vc_separator wpb_content_element vc_separator_align_center vc_sep_width_100 vc_sep_pos_align_center vc_separator_no_text vc_sep_color_grey\"><span class=\"vc_sep_holder vc_sep_holder_l\"><span class=\"vc_sep_line\"><\/span><\/span><span class=\"vc_sep_holder vc_sep_holder_r\"><span class=\"vc_sep_line\"><\/span><\/span>\r\n<\/div><\/div><br>\t\r\n<div class=\"vc_row wpb_row vc_row-fluid\">\r\n\t<div class=\"wpb_column vc_column_container vc_col-sm-6\">\r\n\t\t<div class=\"vc_column-inner\">\r\n\t\t\t<div class=\"wpb_wrapper\">\r\n\t\t\t\t<div class=\"wpb_single_image wpb_content_element vc_align_center\">\r\n\t\t\r\n\t\t\t\t\t<figure class=\"wpb_wrapper vc_figure\">\r\n\t\t\t\t\t\t<div class=\"vc_single_image-wrapper   vc_box_border_grey\"><img class=\"vc_single_image-img\" src=\"https:\/\/animateka.filmchief.com\/f\/files\/Balconada_still_02-min.png\"><\/div>\r\n\t\t\t\t\t<\/figure>\r\n\t\t\t\t<\/div>\r\n\t\t\t<\/div>\r\n\t\t<\/div>\r\n\t<\/div>\r\n\t<div class=\"wpb_column vc_column_container vc_col-sm-6\">\r\n\t\t<div class=\"vc_column-inner\"><div class=\"wpb_wrapper\">\r\n\t\t\t<div class=\"wpb_text_column wpb_content_element \">\r\n\t\t\t\t<div class=\"wpb_wrapper\">\r\n\t\t\t<h2>Balkonada \/ Balconada<\/h2><br>Iva Tokmakchieva (Compote Collective, Girelle production)<\/br>Bolgarija, Francija, 2025, 8'10''<\/br><br><p><p>Vro\u010d poletni dan na balkone zvabi ve\u010d sosedov. Medtem ko jih dobrodo\u0161la ploha prebudi iz otopelosti, enemu od njih uspe, da jih znova pove\u017ee med seboj ter s tukaj in zdaj.<\/p> <\/p>\r\n\r\n\t\t<\/div>\r\n\t<\/div>\r\n<\/div><\/div><\/div><\/div>\r\n\t<br>\r\n\t<div class=\"vc_col-sm-12 vc_gitem-col vc_gitem-col-align-\"><div class=\"vc_separator wpb_content_element vc_separator_align_center vc_sep_width_100 vc_sep_pos_align_center vc_separator_no_text vc_sep_color_grey\"><span class=\"vc_sep_holder vc_sep_holder_l\"><span class=\"vc_sep_line\"><\/span><\/span><span class=\"vc_sep_holder vc_sep_holder_r\"><span class=\"vc_sep_line\"><\/span><\/span>\r\n<\/div><\/div><br>\t\r\n<div class=\"vc_row wpb_row vc_row-fluid\">\r\n\t<div class=\"wpb_column vc_column_container vc_col-sm-6\">\r\n\t\t<div class=\"vc_column-inner\">\r\n\t\t\t<div class=\"wpb_wrapper\">\r\n\t\t\t\t<div class=\"wpb_single_image wpb_content_element vc_align_center\">\r\n\t\t\r\n\t\t\t\t\t<figure class=\"wpb_wrapper vc_figure\">\r\n\t\t\t\t\t\t<div class=\"vc_single_image-wrapper   vc_box_border_grey\"><img class=\"vc_single_image-img\" src=\"https:\/\/animateka.filmchief.com\/f\/files\/urosh1.png\"><\/div>\r\n\t\t\t\t\t<\/figure>\r\n\t\t\t\t<\/div>\r\n\t\t\t<\/div>\r\n\t\t<\/div>\r\n\t<\/div>\r\n\t<div class=\"wpb_column vc_column_container vc_col-sm-6\">\r\n\t\t<div class=\"vc_column-inner\"><div class=\"wpb_wrapper\">\r\n\t\t\t<div class=\"wpb_text_column wpb_content_element \">\r\n\t\t\t\t<div class=\"wpb_wrapper\">\r\n\t\t\t<h2>Uro\u0161 \/ Urosh<\/h2><br>Mato Uljarevi\u0107 (DOK Produkcija, Protos Film)<\/br>\u010crna gora, 2025, 7'26''<\/br><br><p><p>V animaciji, ustvarjeni v ekspresivni tehniki risanja z ogljem,&nbsp;se izmenjujejo nadrealisti\u010dni fragmenti iz \u017eivljenja nenavadnega umetnika. Medtem ko zakopava svoje risbe, se spominja medvojnega otro\u0161tva in se soo\u010da s strahom pred smrtjo.<\/p> <\/p>\r\n\r\n\t\t<\/div>\r\n\t<\/div>\r\n<\/div><\/div><\/div><\/div>\r\n\t<br>\r\n\t<div class=\"vc_col-sm-12 vc_gitem-col vc_gitem-col-align-\"><div class=\"vc_separator wpb_content_element vc_separator_align_center vc_sep_width_100 vc_sep_pos_align_center vc_separator_no_text vc_sep_color_grey\"><span class=\"vc_sep_holder vc_sep_holder_l\"><span class=\"vc_sep_line\"><\/span><\/span><span class=\"vc_sep_holder vc_sep_holder_r\"><span class=\"vc_sep_line\"><\/span><\/span>\r\n<\/div><\/div><br>\t\r\n<div class=\"vc_row wpb_row vc_row-fluid\">\r\n\t<div class=\"wpb_column vc_column_container vc_col-sm-6\">\r\n\t\t<div class=\"vc_column-inner\">\r\n\t\t\t<div class=\"wpb_wrapper\">\r\n\t\t\t\t<div class=\"wpb_single_image wpb_content_element vc_align_center\">\r\n\t\t\r\n\t\t\t\t\t<figure class=\"wpb_wrapper vc_figure\">\r\n\t\t\t\t\t\t<div class=\"vc_single_image-wrapper   vc_box_border_grey\"><img class=\"vc_single_image-img\" src=\"https:\/\/animateka.filmchief.com\/f\/files\/image-9MC-300dpi-01.jpg\"><\/div>\r\n\t\t\t\t\t<\/figure>\r\n\t\t\t\t<\/div>\r\n\t\t\t<\/div>\r\n\t\t<\/div>\r\n\t<\/div>\r\n\t<div class=\"wpb_column vc_column_container vc_col-sm-6\">\r\n\t\t<div class=\"vc_column-inner\"><div class=\"wpb_wrapper\">\r\n\t\t\t<div class=\"wpb_text_column wpb_content_element \">\r\n\t\t\t\t<div class=\"wpb_wrapper\">\r\n\t\t\t<h2>9 Million Colors \/ 9 Million Colors<\/h2><br>B\u00e1ra Anna Stejskalov\u00e1 (Bionaut, Divize Animation, Reynard Films, Trollfilm)<\/br>\u010ce\u0161ka republika, Norve\u0161ka, Nem\u010dija, 2025, 15'00''<\/br><br><p><p>Ocean je za rakovico Fran pravi raj. Njene smrtonosne kle\u0161\u010de vzamejo, karkoli si po\u017eelijo. Za slepo ribico Milvo pa je vsak dan boj za pre\u017eivetje. Fran se zdi Milva \u010dudovita in \u017eeli si, da bi do\u017eivljala ocean tako, kot ga do\u017eivlja sama. Bosta zmogli premostiti razlike?<\/p> <\/p>\r\n\r\n\t\t<\/div>\r\n\t<\/div>\r\n<\/div><\/div><\/div><\/div>\r\n\t<br>\r\n\t<div class=\"vc_col-sm-12 vc_gitem-col vc_gitem-col-align-\"><div class=\"vc_separator wpb_content_element vc_separator_align_center vc_sep_width_100 vc_sep_pos_align_center vc_separator_no_text vc_sep_color_grey\"><span class=\"vc_sep_holder vc_sep_holder_l\"><span class=\"vc_sep_line\"><\/span><\/span><span class=\"vc_sep_holder vc_sep_holder_r\"><span class=\"vc_sep_line\"><\/span><\/span>\r\n<\/div><\/div><br>\t\r\n<div class=\"vc_row wpb_row vc_row-fluid\">\r\n\t<div class=\"wpb_column vc_column_container vc_col-sm-6\">\r\n\t\t<div class=\"vc_column-inner\">\r\n\t\t\t<div class=\"wpb_wrapper\">\r\n\t\t\t\t<div class=\"wpb_single_image wpb_content_element vc_align_center\">\r\n\t\t\r\n\t\t\t\t\t<figure class=\"wpb_wrapper vc_figure\">\r\n\t\t\t\t\t\t<div class=\"vc_single_image-wrapper   vc_box_border_grey\"><img class=\"vc_single_image-img\" src=\"https:\/\/animateka.filmchief.com\/f\/files\/SJENA%20_%20vizual%201.jpg\"><\/div>\r\n\t\t\t\t\t<\/figure>\r\n\t\t\t\t<\/div>\r\n\t\t\t<\/div>\r\n\t\t<\/div>\r\n\t<\/div>\r\n\t<div class=\"wpb_column vc_column_container vc_col-sm-6\">\r\n\t\t<div class=\"vc_column-inner\"><div class=\"wpb_wrapper\">\r\n\t\t\t<div class=\"wpb_text_column wpb_content_element \">\r\n\t\t\t\t<div class=\"wpb_wrapper\">\r\n\t\t\t<h2>Senca \/ The Shadow<\/h2><br>Petra Baleki\u0107 (Jaka produkcija)<\/br>Hrva\u0161ka, 2025, 7'30''<\/br><br><p><p>V eksperimentalnem animiranem filmu \u017eenska raziskuje plasti svojega telesa in notranjega sveta. S simboli\u010dnim prikazom lo\u010ditve in ponovne povezave film spregovori o dinamiki grobosti in ne\u017enosti v odnosu s samim seboj. Intimno popotovanje, ki se poglobi v kompleksnost samosprejemanja in notranje harmonije.<\/p> <\/p>\r\n\r\n\t\t<\/div>\r\n\t<\/div>\r\n<\/div><\/div><\/div><\/div>\r\n\t<br>\r\n\t<div class=\"vc_col-sm-12 vc_gitem-col vc_gitem-col-align-\"><div class=\"vc_separator wpb_content_element vc_separator_align_center vc_sep_width_100 vc_sep_pos_align_center vc_separator_no_text vc_sep_color_grey\"><span class=\"vc_sep_holder vc_sep_holder_l\"><span class=\"vc_sep_line\"><\/span><\/span><span class=\"vc_sep_holder vc_sep_holder_r\"><span class=\"vc_sep_line\"><\/span><\/span>\r\n<\/div><\/div><br>\t\r\n<div class=\"vc_row wpb_row vc_row-fluid\">\r\n\t<div class=\"wpb_column vc_column_container vc_col-sm-6\">\r\n\t\t<div class=\"vc_column-inner\">\r\n\t\t\t<div class=\"wpb_wrapper\">\r\n\t\t\t\t<div class=\"wpb_single_image wpb_content_element vc_align_center\">\r\n\t\t\r\n\t\t\t\t\t<figure class=\"wpb_wrapper vc_figure\">\r\n\t\t\t\t\t\t<div class=\"vc_single_image-wrapper   vc_box_border_grey\"><img class=\"vc_single_image-img\" src=\"https:\/\/animateka.filmchief.com\/f\/files\/Kiievi%20Tort_Kyiv%20Cake%2001.png\"><\/div>\r\n\t\t\t\t\t<\/figure>\r\n\t\t\t\t<\/div>\r\n\t\t\t<\/div>\r\n\t\t<\/div>\r\n\t<\/div>\r\n\t<div class=\"wpb_column vc_column_container vc_col-sm-6\">\r\n\t\t<div class=\"vc_column-inner\"><div class=\"wpb_wrapper\">\r\n\t\t\t<div class=\"wpb_text_column wpb_content_element \">\r\n\t\t\t\t<div class=\"wpb_wrapper\">\r\n\t\t\t<h2>Kijevska torta \/ Kyiv Cake<\/h2><br>Mykyta Lyskov (Eesti Joonisfilm)<\/br>Estonija, 2025, 22'10''<\/br><br><p><p>Film se dogaja v sodobni Ukrajini. V revno dru\u017eino se rodi otrok. Star\u0161i za pre\u017eivetje storijo vse, kar je v njihovi mo\u010di, a ko kriza dose\u017ee vrhunec, se pojavi nova nevarnost.<\/p> <\/p>\r\n\r\n\t\t<\/div>\r\n\t<\/div>\r\n<\/div><\/div><\/div><\/div>\r\n\t<br>\r\n\t<div class=\"vc_col-sm-12 vc_gitem-col vc_gitem-col-align-\"><div class=\"vc_separator wpb_content_element vc_separator_align_center vc_sep_width_100 vc_sep_pos_align_center vc_separator_no_text vc_sep_color_grey\"><span class=\"vc_sep_holder vc_sep_holder_l\"><span class=\"vc_sep_line\"><\/span><\/span><span class=\"vc_sep_holder vc_sep_holder_r\"><span class=\"vc_sep_line\"><\/span><\/span>\r\n<\/div><\/div><br>[\/vc_column_text][\/vc_column][\/vc_row]<\/p>\n","protected":false},"excerpt":{"rendered":"<p>[vc_row css=&#8221;.vc_custom_1604469580079{margin-right: 5px !important;margin-left: 5px !important;}&#8221;][vc_column][vc_empty_space height=&#8221;40px&#8221;][vc_custom_heading source=&#8221;post_title&#8221; font_container=&#8221;tag:h2|text_align:center&#8221; use_theme_fonts=&#8221;yes&#8221; link=&#8221;|||&#8221;][vc_empty_space height=&#8221;20px&#8221;][vc_separator][\/vc_column][\/vc_row][vc_row][vc_column][vc_column_text]Najbolj\u0161i novi animirani filmi iz srednje in vzhodne Evrope se potegujejo za nagrado ob\u010dinstva in veliko nagrado mednarodne \u017eirije. Med re\u017eiserji najdemo tako legendarne animatorje kot avtorje prvencev in vse vmes.[\/vc_column_text][\/vc_column][\/vc_row][vc_row][vc_column width=&#8221;1\/2&#8243;][vc_column_text]Dol\u017eina: 74&#8242;[\/vc_column_text][\/vc_column][vc_column width=&#8221;1\/2&#8243;][vc_btn title=&#8221;Kinodvor, 3\/12 ob 21:00&#8243; style=&#8221;classic&#8221;&nbsp;[&hellip;]<\/p>\n","protected":false},"author":83,"featured_media":26387,"parent":0,"menu_order":0,"comment_status":"closed","ping_status":"closed","template":"page-templates\/template_page-builder.php","meta":[],"acf":[],"_links":{"self":[{"href":"https:\/\/www.animateka.si\/2025\/wp-json\/wp\/v2\/pages\/26407"}],"collection":[{"href":"https:\/\/www.animateka.si\/2025\/wp-json\/wp\/v2\/pages"}],"about":[{"href":"https:\/\/www.animateka.si\/2025\/wp-json\/wp\/v2\/types\/page"}],"author":[{"embeddable":true,"href":"https:\/\/www.animateka.si\/2025\/wp-json\/wp\/v2\/users\/83"}],"replies":[{"embeddable":true,"href":"https:\/\/www.animateka.si\/2025\/wp-json\/wp\/v2\/comments?post=26407"}],"version-history":[{"count":4,"href":"https:\/\/www.animateka.si\/2025\/wp-json\/wp\/v2\/pages\/26407\/revisions"}],"predecessor-version":[{"id":27015,"href":"https:\/\/www.animateka.si\/2025\/wp-json\/wp\/v2\/pages\/26407\/revisions\/27015"}],"wp:featuredmedia":[{"embeddable":true,"href":"https:\/\/www.animateka.si\/2025\/wp-json\/wp\/v2\/media\/26387"}],"wp:attachment":[{"href":"https:\/\/www.animateka.si\/2025\/wp-json\/wp\/v2\/media?parent=26407"}],"curies":[{"name":"wp","href":"https:\/\/api.w.org\/{rel}","templated":true}]}}