{"id":26484,"date":"2025-11-10T14:39:56","date_gmt":"2025-11-10T13:39:56","guid":{"rendered":"https:\/\/www.animateka.si\/2025\/?page_id=26484"},"modified":"2025-11-11T16:53:27","modified_gmt":"2025-11-11T15:53:27","slug":"panorama-ii","status":"publish","type":"page","link":"https:\/\/www.animateka.si\/2025\/panorama-ii\/","title":{"rendered":"Panorama II"},"content":{"rendered":"<p>[vc_row css=&#8221;.vc_custom_1604469580079{margin-right: 5px !important;margin-left: 5px !important;}&#8221;][vc_column][vc_empty_space height=&#8221;40px&#8221;][vc_custom_heading source=&#8221;post_title&#8221; font_container=&#8221;tag:h2|text_align:center&#8221; use_theme_fonts=&#8221;yes&#8221; link=&#8221;|||&#8221;][vc_empty_space height=&#8221;20px&#8221;][vc_separator][\/vc_column][\/vc_row][vc_row][vc_column][vc_column_text]Panorama je program, v katerem dobimo najbolj\u0161i vpogled v trenutno stanje animacije v regiji.[\/vc_column_text][\/vc_column][\/vc_row][vc_row][vc_column width=&#8221;1\/2&#8243;][vc_column_text]Dol\u017eina: 81&#8242;[\/vc_column_text][\/vc_column][vc_column width=&#8221;1\/2&#8243;][vc_btn title=&#8221;Slovenska kinoteka, 2\/12 ob 15:00&#8243; style=&#8221;classic&#8221; shape=&#8221;square&#8221; color=&#8221;black&#8221; size=&#8221;sm&#8221; align=&#8221;right&#8221; link=&#8221;|||&#8221;][\/vc_column][\/vc_row][vc_row][vc_column][vc_separator][vc_column_text]\t\r\n<div class=\"vc_row wpb_row vc_row-fluid\">\r\n\t<div class=\"wpb_column vc_column_container vc_col-sm-6\">\r\n\t\t<div class=\"vc_column-inner\">\r\n\t\t\t<div class=\"wpb_wrapper\">\r\n\t\t\t\t<div class=\"wpb_single_image wpb_content_element vc_align_center\">\r\n\t\t\r\n\t\t\t\t\t<figure class=\"wpb_wrapper vc_figure\">\r\n\t\t\t\t\t\t<div class=\"vc_single_image-wrapper   vc_box_border_grey\"><img class=\"vc_single_image-img\" src=\"https:\/\/animateka.filmchief.com\/f\/files\/still-1.jpg\"><\/div>\r\n\t\t\t\t\t<\/figure>\r\n\t\t\t\t<\/div>\r\n\t\t\t<\/div>\r\n\t\t<\/div>\r\n\t<\/div>\r\n\t<div class=\"wpb_column vc_column_container vc_col-sm-6\">\r\n\t\t<div class=\"vc_column-inner\"><div class=\"wpb_wrapper\">\r\n\t\t\t<div class=\"wpb_text_column wpb_content_element \">\r\n\t\t\t\t<div class=\"wpb_wrapper\">\r\n\t\t\t<h2>Ni me ve\u010d tukaj \/ I Am Not Here Anymore<\/h2><br>Nawojka Wierzbowska (Centrum Animacji Krakow, Tripode Productions)<\/br>Poljska, Francija, 2024, 15'00''<\/br><br><p><p>Dedek umre in ho\u010de zapustiti svoj dom. \u017dal pa njegova dru\u017eina ne more sprejeti, da odhaja za zmeraj. Vedno ko poskusi pobegniti, ga pripeljejo nazaj.\r\n      <\/p> <\/p>\r\n\r\n\t\t<\/div>\r\n\t<\/div>\r\n<\/div><\/div><\/div><\/div>\r\n\t<br>\r\n\t<div class=\"vc_col-sm-12 vc_gitem-col vc_gitem-col-align-\"><div class=\"vc_separator wpb_content_element vc_separator_align_center vc_sep_width_100 vc_sep_pos_align_center vc_separator_no_text vc_sep_color_grey\"><span class=\"vc_sep_holder vc_sep_holder_l\"><span class=\"vc_sep_line\"><\/span><\/span><span class=\"vc_sep_holder vc_sep_holder_r\"><span class=\"vc_sep_line\"><\/span><\/span>\r\n<\/div><\/div><br>\t\r\n<div class=\"vc_row wpb_row vc_row-fluid\">\r\n\t<div class=\"wpb_column vc_column_container vc_col-sm-6\">\r\n\t\t<div class=\"vc_column-inner\">\r\n\t\t\t<div class=\"wpb_wrapper\">\r\n\t\t\t\t<div class=\"wpb_single_image wpb_content_element vc_align_center\">\r\n\t\t\r\n\t\t\t\t\t<figure class=\"wpb_wrapper vc_figure\">\r\n\t\t\t\t\t\t<div class=\"vc_single_image-wrapper   vc_box_border_grey\"><img class=\"vc_single_image-img\" src=\"https:\/\/animateka.filmchief.com\/f\/files\/Adiveinthegarden1.jpg\"><\/div>\r\n\t\t\t\t\t<\/figure>\r\n\t\t\t\t<\/div>\r\n\t\t\t<\/div>\r\n\t\t<\/div>\r\n\t<\/div>\r\n\t<div class=\"wpb_column vc_column_container vc_col-sm-6\">\r\n\t\t<div class=\"vc_column-inner\"><div class=\"wpb_wrapper\">\r\n\t\t\t<div class=\"wpb_text_column wpb_content_element \">\r\n\t\t\t\t<div class=\"wpb_wrapper\">\r\n\t\t\t<h2>A Dive in the Garden \/ A Dive in the Garden<\/h2><br>Ingrid Pucci (neodvisni)<\/br>Estonija, 2025, 4'38''<\/br><br><p><p>Pes sredi bujnega vrta koplje in koplje in izkoplje odmeve smeha, \u0161epeta in otro\u0161kih duhov. Med prelivajo\u010dimi se podobami se pojavi otrok \u2013 ujet na hipnoti\u010dni poti skozi zemljo, spomin in domi\u0161ljijo. \r\n      <\/p> <\/p>\r\n\r\n\t\t<\/div>\r\n\t<\/div>\r\n<\/div><\/div><\/div><\/div>\r\n\t<br>\r\n\t<div class=\"vc_col-sm-12 vc_gitem-col vc_gitem-col-align-\"><div class=\"vc_separator wpb_content_element vc_separator_align_center vc_sep_width_100 vc_sep_pos_align_center vc_separator_no_text vc_sep_color_grey\"><span class=\"vc_sep_holder vc_sep_holder_l\"><span class=\"vc_sep_line\"><\/span><\/span><span class=\"vc_sep_holder vc_sep_holder_r\"><span class=\"vc_sep_line\"><\/span><\/span>\r\n<\/div><\/div><br>\t\r\n<div class=\"vc_row wpb_row vc_row-fluid\">\r\n\t<div class=\"wpb_column vc_column_container vc_col-sm-6\">\r\n\t\t<div class=\"vc_column-inner\">\r\n\t\t\t<div class=\"wpb_wrapper\">\r\n\t\t\t\t<div class=\"wpb_single_image wpb_content_element vc_align_center\">\r\n\t\t\r\n\t\t\t\t\t<figure class=\"wpb_wrapper vc_figure\">\r\n\t\t\t\t\t\t<div class=\"vc_single_image-wrapper   vc_box_border_grey\"><img class=\"vc_single_image-img\" src=\"https:\/\/animateka.filmchief.com\/f\/files\/MOTHER%20Ltd_002.jpg\"><\/div>\r\n\t\t\t\t\t<\/figure>\r\n\t\t\t\t<\/div>\r\n\t\t\t<\/div>\r\n\t\t<\/div>\r\n\t<\/div>\r\n\t<div class=\"wpb_column vc_column_container vc_col-sm-6\">\r\n\t\t<div class=\"vc_column-inner\"><div class=\"wpb_wrapper\">\r\n\t\t\t<div class=\"wpb_text_column wpb_content_element \">\r\n\t\t\t\t<div class=\"wpb_wrapper\">\r\n\t\t\t<h2>Mama, d. o. o. \/ Mother Ltd.<\/h2><br>Vendula Veliskova (Kouzelna animace)<\/br>\u010ce\u0161ka republika, 2025, 8'46''<\/br><br><p><p>Avtorica v izvirni kratki piksilaciji razmi\u0161lja o svoji izku\u0161nji mame samohranilke, ki se ji neke nemirne no\u010di postopno upre vse gospodinjstvo.\r\n      <\/p> <\/p>\r\n\r\n\t\t<\/div>\r\n\t<\/div>\r\n<\/div><\/div><\/div><\/div>\r\n\t<br>\r\n\t<div class=\"vc_col-sm-12 vc_gitem-col vc_gitem-col-align-\"><div class=\"vc_separator wpb_content_element vc_separator_align_center vc_sep_width_100 vc_sep_pos_align_center vc_separator_no_text vc_sep_color_grey\"><span class=\"vc_sep_holder vc_sep_holder_l\"><span class=\"vc_sep_line\"><\/span><\/span><span class=\"vc_sep_holder vc_sep_holder_r\"><span class=\"vc_sep_line\"><\/span><\/span>\r\n<\/div><\/div><br>\t\r\n<div class=\"vc_row wpb_row vc_row-fluid\">\r\n\t<div class=\"wpb_column vc_column_container vc_col-sm-6\">\r\n\t\t<div class=\"vc_column-inner\">\r\n\t\t\t<div class=\"wpb_wrapper\">\r\n\t\t\t\t<div class=\"wpb_single_image wpb_content_element vc_align_center\">\r\n\t\t\r\n\t\t\t\t\t<figure class=\"wpb_wrapper vc_figure\">\r\n\t\t\t\t\t\t<div class=\"vc_single_image-wrapper   vc_box_border_grey\"><img class=\"vc_single_image-img\" src=\"https:\/\/animateka.filmchief.com\/f\/files\/Layout_SQ02_SC02_V3.jpg\"><\/div>\r\n\t\t\t\t\t<\/figure>\r\n\t\t\t\t<\/div>\r\n\t\t\t<\/div>\r\n\t\t<\/div>\r\n\t<\/div>\r\n\t<div class=\"wpb_column vc_column_container vc_col-sm-6\">\r\n\t\t<div class=\"vc_column-inner\"><div class=\"wpb_wrapper\">\r\n\t\t\t<div class=\"wpb_text_column wpb_content_element \">\r\n\t\t\t\t<div class=\"wpb_wrapper\">\r\n\t\t\t<h2>Potres \/ Earthquake<\/h2><br>Massimiliano Di Lauro, Lorenzo Latrofa (La Sarraz Pictures)<\/br>Italija, 2025, 7'45''<\/br><br><p><p>\u00bbPotres\u00ab je otrok, ki so mu tak vzdevek prinesle te\u017eave z zdravim izra\u017eanjem \u017eivahnosti. Nadel mu ga je u\u010ditelj, saj njegova jeza v\u010dasih izbruhne tako kot potres, nekontrolirano in neracionalno, za sabo pa pusti vidne sledi.\r\n      <\/p> <\/p>\r\n\r\n\t\t<\/div>\r\n\t<\/div>\r\n<\/div><\/div><\/div><\/div>\r\n\t<br>\r\n\t<div class=\"vc_col-sm-12 vc_gitem-col vc_gitem-col-align-\"><div class=\"vc_separator wpb_content_element vc_separator_align_center vc_sep_width_100 vc_sep_pos_align_center vc_separator_no_text vc_sep_color_grey\"><span class=\"vc_sep_holder vc_sep_holder_l\"><span class=\"vc_sep_line\"><\/span><\/span><span class=\"vc_sep_holder vc_sep_holder_r\"><span class=\"vc_sep_line\"><\/span><\/span>\r\n<\/div><\/div><br>\t\r\n<div class=\"vc_row wpb_row vc_row-fluid\">\r\n\t<div class=\"wpb_column vc_column_container vc_col-sm-6\">\r\n\t\t<div class=\"vc_column-inner\">\r\n\t\t\t<div class=\"wpb_wrapper\">\r\n\t\t\t\t<div class=\"wpb_single_image wpb_content_element vc_align_center\">\r\n\t\t\r\n\t\t\t\t\t<figure class=\"wpb_wrapper vc_figure\">\r\n\t\t\t\t\t\t<div class=\"vc_single_image-wrapper   vc_box_border_grey\"><img class=\"vc_single_image-img\" src=\"https:\/\/animateka.filmchief.com\/f\/files\/ThanksYouToo_Still_05_300dpi.jpg\"><\/div>\r\n\t\t\t\t\t<\/figure>\r\n\t\t\t\t<\/div>\r\n\t\t\t<\/div>\r\n\t\t<\/div>\r\n\t<\/div>\r\n\t<div class=\"wpb_column vc_column_container vc_col-sm-6\">\r\n\t\t<div class=\"vc_column-inner\"><div class=\"wpb_wrapper\">\r\n\t\t\t<div class=\"wpb_text_column wpb_content_element \">\r\n\t\t\t\t<div class=\"wpb_wrapper\">\r\n\t\t\t<h2>Thanks, You Too \/ Thanks, You Too<\/h2><br>Marion T\u00e4schler (Virage Film)<\/br>\u0160vica, 2025, 9'48''<\/br><br><p><p>Ptici razli\u010dnih vrst se spoznavata ob ve\u010derji. Sova, vzorna gostiteljica, stre\u017ee eno jed za drugo. \u0160koljkarico \u010daka dolg ve\u010der, poln mu\u010dnih trenutkov in neprijetne ti\u0161ine.\r\n      <\/p> <\/p>\r\n\r\n\t\t<\/div>\r\n\t<\/div>\r\n<\/div><\/div><\/div><\/div>\r\n\t<br>\r\n\t<div class=\"vc_col-sm-12 vc_gitem-col vc_gitem-col-align-\"><div class=\"vc_separator wpb_content_element vc_separator_align_center vc_sep_width_100 vc_sep_pos_align_center vc_separator_no_text vc_sep_color_grey\"><span class=\"vc_sep_holder vc_sep_holder_l\"><span class=\"vc_sep_line\"><\/span><\/span><span class=\"vc_sep_holder vc_sep_holder_r\"><span class=\"vc_sep_line\"><\/span><\/span>\r\n<\/div><\/div><br>\t\r\n<div class=\"vc_row wpb_row vc_row-fluid\">\r\n\t<div class=\"wpb_column vc_column_container vc_col-sm-6\">\r\n\t\t<div class=\"vc_column-inner\">\r\n\t\t\t<div class=\"wpb_wrapper\">\r\n\t\t\t\t<div class=\"wpb_single_image wpb_content_element vc_align_center\">\r\n\t\t\r\n\t\t\t\t\t<figure class=\"wpb_wrapper vc_figure\">\r\n\t\t\t\t\t\t<div class=\"vc_single_image-wrapper   vc_box_border_grey\"><img class=\"vc_single_image-img\" src=\"https:\/\/animateka.filmchief.com\/f\/files\/metuljcki_still_01_150.jpg\"><\/div>\r\n\t\t\t\t\t<\/figure>\r\n\t\t\t\t<\/div>\r\n\t\t\t<\/div>\r\n\t\t<\/div>\r\n\t<\/div>\r\n\t<div class=\"wpb_column vc_column_container vc_col-sm-6\">\r\n\t\t<div class=\"vc_column-inner\"><div class=\"wpb_wrapper\">\r\n\t\t\t<div class=\"wpb_text_column wpb_content_element \">\r\n\t\t\t\t<div class=\"wpb_wrapper\">\r\n\t\t\t<h2>Metulj\u010dki \/ Butterflies<\/h2><br>\u017doel Kastelic (Zavod Orbita)<\/br>Slovenija, 2025, 3'37''<\/br><br><p><p>Animirani videospot za Martina Ramove\u0161a, ki se trenutnemu stanju v svetu, polnem vojn in neenakosti, zoperstavi z izrazom upanja v bolj\u0161o prihodnost. \u017delimo si ve\u010d ljubezni!\r\n      <\/p> <\/p>\r\n\r\n\t\t<\/div>\r\n\t<\/div>\r\n<\/div><\/div><\/div><\/div>\r\n\t<br>\r\n\t<div class=\"vc_col-sm-12 vc_gitem-col vc_gitem-col-align-\"><div class=\"vc_separator wpb_content_element vc_separator_align_center vc_sep_width_100 vc_sep_pos_align_center vc_separator_no_text vc_sep_color_grey\"><span class=\"vc_sep_holder vc_sep_holder_l\"><span class=\"vc_sep_line\"><\/span><\/span><span class=\"vc_sep_holder vc_sep_holder_r\"><span class=\"vc_sep_line\"><\/span><\/span>\r\n<\/div><\/div><br>\t\r\n<div class=\"vc_row wpb_row vc_row-fluid\">\r\n\t<div class=\"wpb_column vc_column_container vc_col-sm-6\">\r\n\t\t<div class=\"vc_column-inner\">\r\n\t\t\t<div class=\"wpb_wrapper\">\r\n\t\t\t\t<div class=\"wpb_single_image wpb_content_element vc_align_center\">\r\n\t\t\r\n\t\t\t\t\t<figure class=\"wpb_wrapper vc_figure\">\r\n\t\t\t\t\t\t<div class=\"vc_single_image-wrapper   vc_box_border_grey\"><img class=\"vc_single_image-img\" src=\"https:\/\/animateka.filmchief.com\/f\/files\/Storytelling-01.jpg\"><\/div>\r\n\t\t\t\t\t<\/figure>\r\n\t\t\t\t<\/div>\r\n\t\t\t<\/div>\r\n\t\t<\/div>\r\n\t<\/div>\r\n\t<div class=\"wpb_column vc_column_container vc_col-sm-6\">\r\n\t\t<div class=\"vc_column-inner\"><div class=\"wpb_wrapper\">\r\n\t\t\t<div class=\"wpb_text_column wpb_content_element \">\r\n\t\t\t\t<div class=\"wpb_wrapper\">\r\n\t\t\t<h2>Storytelling \/ Storytelling<\/h2><br>Nils Hedinger (pr\u00eat-\u00e0-tourner Filmproduktion)<\/br>\u0160vica, 2024, 7'42''<\/br><br><p><p>Od jamskih slik do odmevnih komor: zgodovina \u010dlove\u0161tva je zgodovina pripovedovanja zgodb.\r\n      <\/p> <\/p>\r\n\r\n\t\t<\/div>\r\n\t<\/div>\r\n<\/div><\/div><\/div><\/div>\r\n\t<br>\r\n\t<div class=\"vc_col-sm-12 vc_gitem-col vc_gitem-col-align-\"><div class=\"vc_separator wpb_content_element vc_separator_align_center vc_sep_width_100 vc_sep_pos_align_center vc_separator_no_text vc_sep_color_grey\"><span class=\"vc_sep_holder vc_sep_holder_l\"><span class=\"vc_sep_line\"><\/span><\/span><span class=\"vc_sep_holder vc_sep_holder_r\"><span class=\"vc_sep_line\"><\/span><\/span>\r\n<\/div><\/div><br>\t\r\n<div class=\"vc_row wpb_row vc_row-fluid\">\r\n\t<div class=\"wpb_column vc_column_container vc_col-sm-6\">\r\n\t\t<div class=\"vc_column-inner\">\r\n\t\t\t<div class=\"wpb_wrapper\">\r\n\t\t\t\t<div class=\"wpb_single_image wpb_content_element vc_align_center\">\r\n\t\t\r\n\t\t\t\t\t<figure class=\"wpb_wrapper vc_figure\">\r\n\t\t\t\t\t\t<div class=\"vc_single_image-wrapper   vc_box_border_grey\"><img class=\"vc_single_image-img\" src=\"https:\/\/animateka.filmchief.com\/f\/files\/WeedsGardener-1.jpg\"><\/div>\r\n\t\t\t\t\t<\/figure>\r\n\t\t\t\t<\/div>\r\n\t\t\t<\/div>\r\n\t\t<\/div>\r\n\t<\/div>\r\n\t<div class=\"wpb_column vc_column_container vc_col-sm-6\">\r\n\t\t<div class=\"vc_column-inner\"><div class=\"wpb_wrapper\">\r\n\t\t\t<div class=\"wpb_text_column wpb_content_element \">\r\n\t\t\t\t<div class=\"wpb_wrapper\">\r\n\t\t\t<h2>The Weed's Gardener \/ The Weed's Gardener<\/h2><br>Assia Kovanova (Koulev Film Production)<\/br>Bolgarija, 2025, 12'04''<\/br><br><p><p>Stara prijatelja in soseda (vrtnar in krt) v divjini \u010dakata veter, ki jima bo pomagal uresni\u010diti absurdne sanje.\r\n      <\/p> <\/p>\r\n\r\n\t\t<\/div>\r\n\t<\/div>\r\n<\/div><\/div><\/div><\/div>\r\n\t<br>\r\n\t<div class=\"vc_col-sm-12 vc_gitem-col vc_gitem-col-align-\"><div class=\"vc_separator wpb_content_element vc_separator_align_center vc_sep_width_100 vc_sep_pos_align_center vc_separator_no_text vc_sep_color_grey\"><span class=\"vc_sep_holder vc_sep_holder_l\"><span class=\"vc_sep_line\"><\/span><\/span><span class=\"vc_sep_holder vc_sep_holder_r\"><span class=\"vc_sep_line\"><\/span><\/span>\r\n<\/div><\/div><br>\t\r\n<div class=\"vc_row wpb_row vc_row-fluid\">\r\n\t<div class=\"wpb_column vc_column_container vc_col-sm-6\">\r\n\t\t<div class=\"vc_column-inner\">\r\n\t\t\t<div class=\"wpb_wrapper\">\r\n\t\t\t\t<div class=\"wpb_single_image wpb_content_element vc_align_center\">\r\n\t\t\r\n\t\t\t\t\t<figure class=\"wpb_wrapper vc_figure\">\r\n\t\t\t\t\t\t<div class=\"vc_single_image-wrapper   vc_box_border_grey\"><img class=\"vc_single_image-img\" src=\"https:\/\/animateka.filmchief.com\/f\/files\/1%20%2810%29.jpg\"><\/div>\r\n\t\t\t\t\t<\/figure>\r\n\t\t\t\t<\/div>\r\n\t\t\t<\/div>\r\n\t\t<\/div>\r\n\t<\/div>\r\n\t<div class=\"wpb_column vc_column_container vc_col-sm-6\">\r\n\t\t<div class=\"vc_column-inner\"><div class=\"wpb_wrapper\">\r\n\t\t\t<div class=\"wpb_text_column wpb_content_element \">\r\n\t\t\t\t<div class=\"wpb_wrapper\">\r\n\t\t\t<h2>Lullaby \/ Lullaby<\/h2><br>Nikola Radulovikj (Flip Book Productions, Robo Lab)<\/br>Severna Makedonija, Bolgarija, 2024, 1'32''<\/br><br><p><p>Babice se trudijo uspavati otroka.\r\n      <\/p> <\/p>\r\n\r\n\t\t<\/div>\r\n\t<\/div>\r\n<\/div><\/div><\/div><\/div>\r\n\t<br>\r\n\t<div class=\"vc_col-sm-12 vc_gitem-col vc_gitem-col-align-\"><div class=\"vc_separator wpb_content_element vc_separator_align_center vc_sep_width_100 vc_sep_pos_align_center vc_separator_no_text vc_sep_color_grey\"><span class=\"vc_sep_holder vc_sep_holder_l\"><span class=\"vc_sep_line\"><\/span><\/span><span class=\"vc_sep_holder vc_sep_holder_r\"><span class=\"vc_sep_line\"><\/span><\/span>\r\n<\/div><\/div><br>\t\r\n<div class=\"vc_row wpb_row vc_row-fluid\">\r\n\t<div class=\"wpb_column vc_column_container vc_col-sm-6\">\r\n\t\t<div class=\"vc_column-inner\">\r\n\t\t\t<div class=\"wpb_wrapper\">\r\n\t\t\t\t<div class=\"wpb_single_image wpb_content_element vc_align_center\">\r\n\t\t\r\n\t\t\t\t\t<figure class=\"wpb_wrapper vc_figure\">\r\n\t\t\t\t\t\t<div class=\"vc_single_image-wrapper   vc_box_border_grey\"><img class=\"vc_single_image-img\" src=\"https:\/\/animateka.filmchief.com\/f\/files\/zuki_003_02_X1_0074%20%281%29.jpg\"><\/div>\r\n\t\t\t\t\t<\/figure>\r\n\t\t\t\t<\/div>\r\n\t\t\t<\/div>\r\n\t\t<\/div>\r\n\t<\/div>\r\n\t<div class=\"wpb_column vc_column_container vc_col-sm-6\">\r\n\t\t<div class=\"vc_column-inner\"><div class=\"wpb_wrapper\">\r\n\t\t\t<div class=\"wpb_text_column wpb_content_element \">\r\n\t\t\t\t<div class=\"wpb_wrapper\">\r\n\t\t\t<h2>Hro\u0161\u010dki \/ Beetles<\/h2><br>Piotr Chmielewski (Polish Humanitarian Action)<\/br>Poljska, 2025, 9'52''<\/br><br><p><p>Film nas povabi v svet hro\u0161\u010dkov, ki jim v \u0161oli za doma\u010do nalogo nalo\u017eijo oblikovanje kroglic iz iztrebkov. Bodo kos tej preizku\u0161nji? Kaj se lahko nau\u010dimo iz opazovanja hro\u0161\u010dev, ki kotalijo kroglice iz kakcev? \r\n      <\/p> <\/p>\r\n\r\n\t\t<\/div>\r\n\t<\/div>\r\n<\/div><\/div><\/div><\/div>\r\n\t<br>\r\n\t<div class=\"vc_col-sm-12 vc_gitem-col vc_gitem-col-align-\"><div class=\"vc_separator wpb_content_element vc_separator_align_center vc_sep_width_100 vc_sep_pos_align_center vc_separator_no_text vc_sep_color_grey\"><span class=\"vc_sep_holder vc_sep_holder_l\"><span class=\"vc_sep_line\"><\/span><\/span><span class=\"vc_sep_holder vc_sep_holder_r\"><span class=\"vc_sep_line\"><\/span><\/span>\r\n<\/div><\/div><br>[\/vc_column_text][\/vc_column][\/vc_row]<\/p>\n","protected":false},"excerpt":{"rendered":"<p>[vc_row css=&#8221;.vc_custom_1604469580079{margin-right: 5px !important;margin-left: 5px !important;}&#8221;][vc_column][vc_empty_space height=&#8221;40px&#8221;][vc_custom_heading source=&#8221;post_title&#8221; font_container=&#8221;tag:h2|text_align:center&#8221; use_theme_fonts=&#8221;yes&#8221; link=&#8221;|||&#8221;][vc_empty_space height=&#8221;20px&#8221;][vc_separator][\/vc_column][\/vc_row][vc_row][vc_column][vc_column_text]Panorama je program, v katerem dobimo najbolj\u0161i vpogled v trenutno stanje animacije v regiji.[\/vc_column_text][\/vc_column][\/vc_row][vc_row][vc_column width=&#8221;1\/2&#8243;][vc_column_text]Dol\u017eina: 81&#8242;[\/vc_column_text][\/vc_column][vc_column width=&#8221;1\/2&#8243;][vc_btn title=&#8221;Slovenska kinoteka, 2\/12 ob 15:00&#8243; style=&#8221;classic&#8221; shape=&#8221;square&#8221; color=&#8221;black&#8221; size=&#8221;sm&#8221; align=&#8221;right&#8221; link=&#8221;|||&#8221;][\/vc_column][\/vc_row][vc_row][vc_column][vc_separator][vc_column_text][\/vc_column_text][\/vc_column][\/vc_row]<\/p>\n","protected":false},"author":83,"featured_media":26390,"parent":0,"menu_order":0,"comment_status":"closed","ping_status":"closed","template":"page-templates\/template_page-builder.php","meta":[],"acf":[],"_links":{"self":[{"href":"https:\/\/www.animateka.si\/2025\/wp-json\/wp\/v2\/pages\/26484"}],"collection":[{"href":"https:\/\/www.animateka.si\/2025\/wp-json\/wp\/v2\/pages"}],"about":[{"href":"https:\/\/www.animateka.si\/2025\/wp-json\/wp\/v2\/types\/page"}],"author":[{"embeddable":true,"href":"https:\/\/www.animateka.si\/2025\/wp-json\/wp\/v2\/users\/83"}],"replies":[{"embeddable":true,"href":"https:\/\/www.animateka.si\/2025\/wp-json\/wp\/v2\/comments?post=26484"}],"version-history":[{"count":3,"href":"https:\/\/www.animateka.si\/2025\/wp-json\/wp\/v2\/pages\/26484\/revisions"}],"predecessor-version":[{"id":26969,"href":"https:\/\/www.animateka.si\/2025\/wp-json\/wp\/v2\/pages\/26484\/revisions\/26969"}],"wp:featuredmedia":[{"embeddable":true,"href":"https:\/\/www.animateka.si\/2025\/wp-json\/wp\/v2\/media\/26390"}],"wp:attachment":[{"href":"https:\/\/www.animateka.si\/2025\/wp-json\/wp\/v2\/media?parent=26484"}],"curies":[{"name":"wp","href":"https:\/\/api.w.org\/{rel}","templated":true}]}}