{"id":26508,"date":"2025-11-10T15:05:20","date_gmt":"2025-11-10T14:05:20","guid":{"rendered":"https:\/\/www.animateka.si\/2025\/?page_id=26508"},"modified":"2025-11-16T22:27:38","modified_gmt":"2025-11-16T21:27:38","slug":"studentska-panorama-i","status":"publish","type":"page","link":"https:\/\/www.animateka.si\/2025\/studentska-panorama-i\/","title":{"rendered":"\u0160tudentska panorama I"},"content":{"rendered":"<p>[vc_row css=&#8221;.vc_custom_1604469580079{margin-right: 5px !important;margin-left: 5px !important;}&#8221;][vc_column][vc_empty_space height=&#8221;40px&#8221;][vc_custom_heading source=&#8221;post_title&#8221; font_container=&#8221;tag:h2|text_align:center&#8221; use_theme_fonts=&#8221;yes&#8221; link=&#8221;|||&#8221;][vc_empty_space height=&#8221;20px&#8221;][vc_separator][\/vc_column][\/vc_row][vc_row][vc_column][vc_column_text]\u0160tudenti so prihodnost animacije. Hkrati so tudi najbolj inovativni in drzni ustvarjalci, ki se ne bojijo eksperimentiranja s tehnikami in temami svojih animacij. Panorama predstavlja raznolikost ustvarjalnosti evropskih \u0161tudentov animacije.[\/vc_column_text][\/vc_column][\/vc_row][vc_row][vc_column width=&#8221;1\/2&#8243;][vc_column_text]Dol\u017eina: 75&#8242;[\/vc_column_text][\/vc_column][vc_column width=&#8221;1\/2&#8243;][vc_btn title=&#8221;Slovenska kinoteka, 1\/12 ob 21:00&#8243; style=&#8221;classic&#8221; shape=&#8221;square&#8221; color=&#8221;black&#8221; size=&#8221;sm&#8221; align=&#8221;right&#8221; link=&#8221;|||&#8221;][\/vc_column][\/vc_row][vc_row][vc_column][vc_separator][vc_column_text]\t\r\n<div class=\"vc_row wpb_row vc_row-fluid\">\r\n\t<div class=\"wpb_column vc_column_container vc_col-sm-6\">\r\n\t\t<div class=\"vc_column-inner\">\r\n\t\t\t<div class=\"wpb_wrapper\">\r\n\t\t\t\t<div class=\"wpb_single_image wpb_content_element vc_align_center\">\r\n\t\t\r\n\t\t\t\t\t<figure class=\"wpb_wrapper vc_figure\">\r\n\t\t\t\t\t\t<div class=\"vc_single_image-wrapper   vc_box_border_grey\"><img class=\"vc_single_image-img\" src=\"https:\/\/animateka.filmchief.com\/f\/files\/DOSOMETHING_Still_2_%C2%A9FilmakademieBW.jpeg\"><\/div>\r\n\t\t\t\t\t<\/figure>\r\n\t\t\t\t<\/div>\r\n\t\t\t<\/div>\r\n\t\t<\/div>\r\n\t<\/div>\r\n\t<div class=\"wpb_column vc_column_container vc_col-sm-6\">\r\n\t\t<div class=\"vc_column-inner\"><div class=\"wpb_wrapper\">\r\n\t\t\t<div class=\"wpb_text_column wpb_content_element \">\r\n\t\t\t\t<div class=\"wpb_wrapper\">\r\n\t\t\t<h2>Do Something \/ Do Something<\/h2><br>Sofija \u017divkovi\u0107 (Filmakademie Baden-W\u00fcrttemberg)<\/br>Nem\u010dija, 2024, 12'22''<\/br><br><p><p>Krvni\u010dka se mora odpraviti na pot do mo\u017eganov in jih prepri\u010dati, naj njuni dehidrirani telesi prisilijo k pitju vode.\r\n      <\/p> <\/p>\r\n\r\n\t\t<\/div>\r\n\t<\/div>\r\n<\/div><\/div><\/div><\/div>\r\n\t<br>\r\n\t<div class=\"vc_col-sm-12 vc_gitem-col vc_gitem-col-align-\"><div class=\"vc_separator wpb_content_element vc_separator_align_center vc_sep_width_100 vc_sep_pos_align_center vc_separator_no_text vc_sep_color_grey\"><span class=\"vc_sep_holder vc_sep_holder_l\"><span class=\"vc_sep_line\"><\/span><\/span><span class=\"vc_sep_holder vc_sep_holder_r\"><span class=\"vc_sep_line\"><\/span><\/span>\r\n<\/div><\/div><br>\t\r\n<div class=\"vc_row wpb_row vc_row-fluid\">\r\n\t<div class=\"wpb_column vc_column_container vc_col-sm-6\">\r\n\t\t<div class=\"vc_column-inner\">\r\n\t\t\t<div class=\"wpb_wrapper\">\r\n\t\t\t\t<div class=\"wpb_single_image wpb_content_element vc_align_center\">\r\n\t\t\r\n\t\t\t\t\t<figure class=\"wpb_wrapper vc_figure\">\r\n\t\t\t\t\t\t<div class=\"vc_single_image-wrapper   vc_box_border_grey\"><img class=\"vc_single_image-img\" src=\"https:\/\/animateka.filmchief.com\/f\/files\/Adhesion_1_Cuculic_72dpi.jpg\"><\/div>\r\n\t\t\t\t\t<\/figure>\r\n\t\t\t\t<\/div>\r\n\t\t\t<\/div>\r\n\t\t<\/div>\r\n\t<\/div>\r\n\t<div class=\"wpb_column vc_column_container vc_col-sm-6\">\r\n\t\t<div class=\"vc_column-inner\"><div class=\"wpb_wrapper\">\r\n\t\t\t<div class=\"wpb_text_column wpb_content_element \">\r\n\t\t\t\t<div class=\"wpb_wrapper\">\r\n\t\t\t<h2>Adhezija \/ Adhesion<\/h2><br>Rafael Cuculi\u0107 (Academy of Fine Arts, Zagreb)<\/br>Hrva\u0161ka, 2025, 3'39''<\/br><br><p><p>Mo\u0161ki in \u017eenska kljub negotovostim sprejmeta drug drugega. \r\n      <\/p> <\/p>\r\n\r\n\t\t<\/div>\r\n\t<\/div>\r\n<\/div><\/div><\/div><\/div>\r\n\t<br>\r\n\t<div class=\"vc_col-sm-12 vc_gitem-col vc_gitem-col-align-\"><div class=\"vc_separator wpb_content_element vc_separator_align_center vc_sep_width_100 vc_sep_pos_align_center vc_separator_no_text vc_sep_color_grey\"><span class=\"vc_sep_holder vc_sep_holder_l\"><span class=\"vc_sep_line\"><\/span><\/span><span class=\"vc_sep_holder vc_sep_holder_r\"><span class=\"vc_sep_line\"><\/span><\/span>\r\n<\/div><\/div><br>\t\r\n<div class=\"vc_row wpb_row vc_row-fluid\">\r\n\t<div class=\"wpb_column vc_column_container vc_col-sm-6\">\r\n\t\t<div class=\"vc_column-inner\">\r\n\t\t\t<div class=\"wpb_wrapper\">\r\n\t\t\t\t<div class=\"wpb_single_image wpb_content_element vc_align_center\">\r\n\t\t\r\n\t\t\t\t\t<figure class=\"wpb_wrapper vc_figure\">\r\n\t\t\t\t\t\t<div class=\"vc_single_image-wrapper   vc_box_border_grey\"><img class=\"vc_single_image-img\" src=\"https:\/\/animateka.filmchief.com\/f\/files\/still1.png\"><\/div>\r\n\t\t\t\t\t<\/figure>\r\n\t\t\t\t<\/div>\r\n\t\t\t<\/div>\r\n\t\t<\/div>\r\n\t<\/div>\r\n\t<div class=\"wpb_column vc_column_container vc_col-sm-6\">\r\n\t\t<div class=\"vc_column-inner\"><div class=\"wpb_wrapper\">\r\n\t\t\t<div class=\"wpb_text_column wpb_content_element \">\r\n\t\t\t\t<div class=\"wpb_wrapper\">\r\n\t\t\t<h2>Domov \/ Home<\/h2><br>Rebeka Salom\u0117ja Kavaliauskait\u0117 (Vilnius Academy of Arts)<\/br>Litva, 2024, 4'38''<\/br><br><p><p>Osamljen mo\u017e \u017eivi v mestu, polnem ljudi, vendar jih ne vidi. Njegovo zavest prekriva \u010drnina, zato izgubi stik z realnostjo. Njegova pot gor in dol se ves \u010das ponavlja. V iskanju smisla najde rde\u010d kamen, a se smisel ne porodi.\r\n      <\/p> <\/p>\r\n\r\n\t\t<\/div>\r\n\t<\/div>\r\n<\/div><\/div><\/div><\/div>\r\n\t<br>\r\n\t<div class=\"vc_col-sm-12 vc_gitem-col vc_gitem-col-align-\"><div class=\"vc_separator wpb_content_element vc_separator_align_center vc_sep_width_100 vc_sep_pos_align_center vc_separator_no_text vc_sep_color_grey\"><span class=\"vc_sep_holder vc_sep_holder_l\"><span class=\"vc_sep_line\"><\/span><\/span><span class=\"vc_sep_holder vc_sep_holder_r\"><span class=\"vc_sep_line\"><\/span><\/span>\r\n<\/div><\/div><br>\t\r\n<div class=\"vc_row wpb_row vc_row-fluid\">\r\n\t<div class=\"wpb_column vc_column_container vc_col-sm-6\">\r\n\t\t<div class=\"vc_column-inner\">\r\n\t\t\t<div class=\"wpb_wrapper\">\r\n\t\t\t\t<div class=\"wpb_single_image wpb_content_element vc_align_center\">\r\n\t\t\r\n\t\t\t\t\t<figure class=\"wpb_wrapper vc_figure\">\r\n\t\t\t\t\t\t<div class=\"vc_single_image-wrapper   vc_box_border_grey\"><img class=\"vc_single_image-img\" src=\"https:\/\/animateka.filmchief.com\/f\/files\/Kuznetsova_2.jpg\"><\/div>\r\n\t\t\t\t\t<\/figure>\r\n\t\t\t\t<\/div>\r\n\t\t\t<\/div>\r\n\t\t<\/div>\r\n\t<\/div>\r\n\t<div class=\"wpb_column vc_column_container vc_col-sm-6\">\r\n\t\t<div class=\"vc_column-inner\"><div class=\"wpb_wrapper\">\r\n\t\t\t<div class=\"wpb_text_column wpb_content_element \">\r\n\t\t\t\t<div class=\"wpb_wrapper\">\r\n\t\t\t<h2>Steel Feel \/ Steel Feel<\/h2><br>Katerina Ku (Academy of Performing Arts in Prague, Film and TV School)<\/br>\u010ce\u0161ka republika, 2025, 4'14''<\/br><br><p><p>Protagonist z meditacijo potuje v globine svoje podzavesti, kjer raziskuje svoja skrita \u010dustva in strahove. Na poti se spopada s te\u017eavami pri samoobvladovanju in sprejemanju, a se posku\u0161a razumeti ter premagati svoje notranje boje in skrbi.\r\n      <\/p> <\/p>\r\n\r\n\t\t<\/div>\r\n\t<\/div>\r\n<\/div><\/div><\/div><\/div>\r\n\t<br>\r\n\t<div class=\"vc_col-sm-12 vc_gitem-col vc_gitem-col-align-\"><div class=\"vc_separator wpb_content_element vc_separator_align_center vc_sep_width_100 vc_sep_pos_align_center vc_separator_no_text vc_sep_color_grey\"><span class=\"vc_sep_holder vc_sep_holder_l\"><span class=\"vc_sep_line\"><\/span><\/span><span class=\"vc_sep_holder vc_sep_holder_r\"><span class=\"vc_sep_line\"><\/span><\/span>\r\n<\/div><\/div><br>\t\r\n<div class=\"vc_row wpb_row vc_row-fluid\">\r\n\t<div class=\"wpb_column vc_column_container vc_col-sm-6\">\r\n\t\t<div class=\"vc_column-inner\">\r\n\t\t\t<div class=\"wpb_wrapper\">\r\n\t\t\t\t<div class=\"wpb_single_image wpb_content_element vc_align_center\">\r\n\t\t\r\n\t\t\t\t\t<figure class=\"wpb_wrapper vc_figure\">\r\n\t\t\t\t\t\t<div class=\"vc_single_image-wrapper   vc_box_border_grey\"><img class=\"vc_single_image-img\" src=\"https:\/\/animateka.filmchief.com\/f\/files\/WTHD_Still1.jpeg\"><\/div>\r\n\t\t\t\t\t<\/figure>\r\n\t\t\t\t<\/div>\r\n\t\t\t<\/div>\r\n\t\t<\/div>\r\n\t<\/div>\r\n\t<div class=\"wpb_column vc_column_container vc_col-sm-6\">\r\n\t\t<div class=\"vc_column-inner\"><div class=\"wpb_wrapper\">\r\n\t\t\t<div class=\"wpb_text_column wpb_content_element \">\r\n\t\t\t\t<div class=\"wpb_wrapper\">\r\n\t\t\t<h2>Weathered \/ Weathered<\/h2><br>Karina Casanas Invernon, J\u00e1chym Bouzek (University of the Arts London)<\/br>Zdru\u017eeno kraljestvo, 2025, 6'25''<\/br><br><p><p>Film pripoveduje o lutki v \u010dlove\u0161ki velikosti, vpeti v okvire te\u017eko doumljivega zunanjega sveta, ki hrepeni po tem, da bi na\u0161la stik z lastnim ritmom. \r\n      <\/p> <\/p>\r\n\r\n\t\t<\/div>\r\n\t<\/div>\r\n<\/div><\/div><\/div><\/div>\r\n\t<br>\r\n\t<div class=\"vc_col-sm-12 vc_gitem-col vc_gitem-col-align-\"><div class=\"vc_separator wpb_content_element vc_separator_align_center vc_sep_width_100 vc_sep_pos_align_center vc_separator_no_text vc_sep_color_grey\"><span class=\"vc_sep_holder vc_sep_holder_l\"><span class=\"vc_sep_line\"><\/span><\/span><span class=\"vc_sep_holder vc_sep_holder_r\"><span class=\"vc_sep_line\"><\/span><\/span>\r\n<\/div><\/div><br>\t\r\n<div class=\"vc_row wpb_row vc_row-fluid\">\r\n\t<div class=\"wpb_column vc_column_container vc_col-sm-6\">\r\n\t\t<div class=\"vc_column-inner\">\r\n\t\t\t<div class=\"wpb_wrapper\">\r\n\t\t\t\t<div class=\"wpb_single_image wpb_content_element vc_align_center\">\r\n\t\t\r\n\t\t\t\t\t<figure class=\"wpb_wrapper vc_figure\">\r\n\t\t\t\t\t\t<div class=\"vc_single_image-wrapper   vc_box_border_grey\"><img class=\"vc_single_image-img\" src=\"https:\/\/animateka.filmchief.com\/f\/files\/Stil_07.jpg\"><\/div>\r\n\t\t\t\t\t<\/figure>\r\n\t\t\t\t<\/div>\r\n\t\t\t<\/div>\r\n\t\t<\/div>\r\n\t<\/div>\r\n\t<div class=\"wpb_column vc_column_container vc_col-sm-6\">\r\n\t\t<div class=\"vc_column-inner\"><div class=\"wpb_wrapper\">\r\n\t\t\t<div class=\"wpb_text_column wpb_content_element \">\r\n\t\t\t\t<div class=\"wpb_wrapper\">\r\n\t\t\t<h2>Sucker \/ Sucker<\/h2><br>Angelina Damm (Filmacademy Baden-W\u00fcrttemberg)<\/br>Nem\u010dija, 2024, 6'25''<\/br><br><p><p>Film je postavljen v skrivnosten tema\u010dni gozd, ki ga naseljujejo luminiscen\u010dna slinarjem podobna bitja, vajena u\u017eivati gnilo rastlinje. Protagonistu se navada gnusi, in ker se no\u010de prilagoditi, se odlo\u010di zapustiti \u017eivljenje v skupnosti, s tem pa njegov sij za\u010dne bledeti.\r\n      <\/p> <\/p>\r\n\r\n\t\t<\/div>\r\n\t<\/div>\r\n<\/div><\/div><\/div><\/div>\r\n\t<br>\r\n\t<div class=\"vc_col-sm-12 vc_gitem-col vc_gitem-col-align-\"><div class=\"vc_separator wpb_content_element vc_separator_align_center vc_sep_width_100 vc_sep_pos_align_center vc_separator_no_text vc_sep_color_grey\"><span class=\"vc_sep_holder vc_sep_holder_l\"><span class=\"vc_sep_line\"><\/span><\/span><span class=\"vc_sep_holder vc_sep_holder_r\"><span class=\"vc_sep_line\"><\/span><\/span>\r\n<\/div><\/div><br>\t\r\n<div class=\"vc_row wpb_row vc_row-fluid\">\r\n\t<div class=\"wpb_column vc_column_container vc_col-sm-6\">\r\n\t\t<div class=\"vc_column-inner\">\r\n\t\t\t<div class=\"wpb_wrapper\">\r\n\t\t\t\t<div class=\"wpb_single_image wpb_content_element vc_align_center\">\r\n\t\t\r\n\t\t\t\t\t<figure class=\"wpb_wrapper vc_figure\">\r\n\t\t\t\t\t\t<div class=\"vc_single_image-wrapper   vc_box_border_grey\"><img class=\"vc_single_image-img\" src=\"https:\/\/animateka.filmchief.com\/f\/files\/1_AfterAWhale_2400x1350px_300dpi%20%281%29.jpg\"><\/div>\r\n\t\t\t\t\t<\/figure>\r\n\t\t\t\t<\/div>\r\n\t\t\t<\/div>\r\n\t\t<\/div>\r\n\t<\/div>\r\n\t<div class=\"wpb_column vc_column_container vc_col-sm-6\">\r\n\t\t<div class=\"vc_column-inner\"><div class=\"wpb_wrapper\">\r\n\t\t\t<div class=\"wpb_text_column wpb_content_element \">\r\n\t\t\t\t<div class=\"wpb_wrapper\">\r\n\t\t\t<h2>After a Whale \/ After a Whale<\/h2><br>Kate Jansone (Estonian Academy of Arts)<\/br>Estonija, 2025, 5'16''<\/br><br><p><p>Dekle v bazenu sre\u010da orko. V stiku s kitom do\u017eivi prebujenje, a \u017eal ni\u010d na tem svetu ne traja ve\u010dno.\r\n      <\/p> <\/p>\r\n\r\n\t\t<\/div>\r\n\t<\/div>\r\n<\/div><\/div><\/div><\/div>\r\n\t<br>\r\n\t<div class=\"vc_col-sm-12 vc_gitem-col vc_gitem-col-align-\"><div class=\"vc_separator wpb_content_element vc_separator_align_center vc_sep_width_100 vc_sep_pos_align_center vc_separator_no_text vc_sep_color_grey\"><span class=\"vc_sep_holder vc_sep_holder_l\"><span class=\"vc_sep_line\"><\/span><\/span><span class=\"vc_sep_holder vc_sep_holder_r\"><span class=\"vc_sep_line\"><\/span><\/span>\r\n<\/div><\/div><br>\t\r\n<div class=\"vc_row wpb_row vc_row-fluid\">\r\n\t<div class=\"wpb_column vc_column_container vc_col-sm-6\">\r\n\t\t<div class=\"vc_column-inner\">\r\n\t\t\t<div class=\"wpb_wrapper\">\r\n\t\t\t\t<div class=\"wpb_single_image wpb_content_element vc_align_center\">\r\n\t\t\r\n\t\t\t\t\t<figure class=\"wpb_wrapper vc_figure\">\r\n\t\t\t\t\t\t<div class=\"vc_single_image-wrapper   vc_box_border_grey\"><img class=\"vc_single_image-img\" src=\"https:\/\/animateka.filmchief.com\/f\/files\/1000017659.jpg\"><\/div>\r\n\t\t\t\t\t<\/figure>\r\n\t\t\t\t<\/div>\r\n\t\t\t<\/div>\r\n\t\t<\/div>\r\n\t<\/div>\r\n\t<div class=\"wpb_column vc_column_container vc_col-sm-6\">\r\n\t\t<div class=\"vc_column-inner\"><div class=\"wpb_wrapper\">\r\n\t\t\t<div class=\"wpb_text_column wpb_content_element \">\r\n\t\t\t\t<div class=\"wpb_wrapper\">\r\n\t\t\t<h2>Moj o\u010de in Scania \/ My Father and Scania<\/h2><br>Anna Burka (Illy\u00e9s Animation School)<\/br>Mad\u017earska, 2024, 3'40''<\/br><br><p><p>Kratka zgodba o prigodah mojega o\u010deta, voznika tovornjaka, s srnjadjo, pomaran\u010dami in severnim sijem.\r\n      <\/p> <\/p>\r\n\r\n\t\t<\/div>\r\n\t<\/div>\r\n<\/div><\/div><\/div><\/div>\r\n\t<br>\r\n\t<div class=\"vc_col-sm-12 vc_gitem-col vc_gitem-col-align-\"><div class=\"vc_separator wpb_content_element vc_separator_align_center vc_sep_width_100 vc_sep_pos_align_center vc_separator_no_text vc_sep_color_grey\"><span class=\"vc_sep_holder vc_sep_holder_l\"><span class=\"vc_sep_line\"><\/span><\/span><span class=\"vc_sep_holder vc_sep_holder_r\"><span class=\"vc_sep_line\"><\/span><\/span>\r\n<\/div><\/div><br>\t\r\n<div class=\"vc_row wpb_row vc_row-fluid\">\r\n\t<div class=\"wpb_column vc_column_container vc_col-sm-6\">\r\n\t\t<div class=\"vc_column-inner\">\r\n\t\t\t<div class=\"wpb_wrapper\">\r\n\t\t\t\t<div class=\"wpb_single_image wpb_content_element vc_align_center\">\r\n\t\t\r\n\t\t\t\t\t<figure class=\"wpb_wrapper vc_figure\">\r\n\t\t\t\t\t\t<div class=\"vc_single_image-wrapper   vc_box_border_grey\"><img class=\"vc_single_image-img\" src=\"https:\/\/animateka.filmchief.com\/f\/files\/Antonio_still1_72dpi.jpg\"><\/div>\r\n\t\t\t\t\t<\/figure>\r\n\t\t\t\t<\/div>\r\n\t\t\t<\/div>\r\n\t\t<\/div>\r\n\t<\/div>\r\n\t<div class=\"wpb_column vc_column_container vc_col-sm-6\">\r\n\t\t<div class=\"vc_column-inner\"><div class=\"wpb_wrapper\">\r\n\t\t\t<div class=\"wpb_text_column wpb_content_element \">\r\n\t\t\t\t<div class=\"wpb_wrapper\">\r\n\t\t\t<h2>Antonio \/ Antonio<\/h2><br>Elisa Fanais, Zottola Daniela (Centro Sperimentale di Cinematografia, sede Piemonte)<\/br>Italija, 2025, 6'42''<\/br><br><p><p>V neki vasi na jugu Italije praznujejo \u00bbporoko dreves\u00ab, starodaven kme\u010dki obi\u010daj predkr\u0161\u010danskega izvora. V mno\u017eici je tudi de\u010dek Antonio, ki se z igro z mravljami na svoj na\u010din vklju\u010di v obred.\r\n      <\/p> <\/p>\r\n\r\n\t\t<\/div>\r\n\t<\/div>\r\n<\/div><\/div><\/div><\/div>\r\n\t<br>\r\n\t<div class=\"vc_col-sm-12 vc_gitem-col vc_gitem-col-align-\"><div class=\"vc_separator wpb_content_element vc_separator_align_center vc_sep_width_100 vc_sep_pos_align_center vc_separator_no_text vc_sep_color_grey\"><span class=\"vc_sep_holder vc_sep_holder_l\"><span class=\"vc_sep_line\"><\/span><\/span><span class=\"vc_sep_holder vc_sep_holder_r\"><span class=\"vc_sep_line\"><\/span><\/span>\r\n<\/div><\/div><br>\t\r\n<div class=\"vc_row wpb_row vc_row-fluid\">\r\n\t<div class=\"wpb_column vc_column_container vc_col-sm-6\">\r\n\t\t<div class=\"vc_column-inner\">\r\n\t\t\t<div class=\"wpb_wrapper\">\r\n\t\t\t\t<div class=\"wpb_single_image wpb_content_element vc_align_center\">\r\n\t\t\r\n\t\t\t\t\t<figure class=\"wpb_wrapper vc_figure\">\r\n\t\t\t\t\t\t<div class=\"vc_single_image-wrapper   vc_box_border_grey\"><img class=\"vc_single_image-img\" src=\"https:\/\/animateka.filmchief.com\/f\/files\/Still%201.jpg\"><\/div>\r\n\t\t\t\t\t<\/figure>\r\n\t\t\t\t<\/div>\r\n\t\t\t<\/div>\r\n\t\t<\/div>\r\n\t<\/div>\r\n\t<div class=\"wpb_column vc_column_container vc_col-sm-6\">\r\n\t\t<div class=\"vc_column-inner\"><div class=\"wpb_wrapper\">\r\n\t\t\t<div class=\"wpb_text_column wpb_content_element \">\r\n\t\t\t\t<div class=\"wpb_wrapper\">\r\n\t\t\t<h2>Ptica v meni \/ The Bird from Within<\/h2><br>Laura Anahory (Universidade Cat\u00f3lica Portuguesa, Escola das Artes)<\/br>Portugalska, 2025, 5'56''<\/br><br><p><p>Film pripoveduje o \u017eenski in ptici, ki \u017eivi v njej. Njuna nezmo\u017enost sobivanja \u017eenski povzro\u010da telesne rane.\r\n      <\/p> <\/p>\r\n\r\n\t\t<\/div>\r\n\t<\/div>\r\n<\/div><\/div><\/div><\/div>\r\n\t<br>\r\n\t<div class=\"vc_col-sm-12 vc_gitem-col vc_gitem-col-align-\"><div class=\"vc_separator wpb_content_element vc_separator_align_center vc_sep_width_100 vc_sep_pos_align_center vc_separator_no_text vc_sep_color_grey\"><span class=\"vc_sep_holder vc_sep_holder_l\"><span class=\"vc_sep_line\"><\/span><\/span><span class=\"vc_sep_holder vc_sep_holder_r\"><span class=\"vc_sep_line\"><\/span><\/span>\r\n<\/div><\/div><br>\t\r\n<div class=\"vc_row wpb_row vc_row-fluid\">\r\n\t<div class=\"wpb_column vc_column_container vc_col-sm-6\">\r\n\t\t<div class=\"vc_column-inner\">\r\n\t\t\t<div class=\"wpb_wrapper\">\r\n\t\t\t\t<div class=\"wpb_single_image wpb_content_element vc_align_center\">\r\n\t\t\r\n\t\t\t\t\t<figure class=\"wpb_wrapper vc_figure\">\r\n\t\t\t\t\t\t<div class=\"vc_single_image-wrapper   vc_box_border_grey\"><img class=\"vc_single_image-img\" src=\"https:\/\/animateka.filmchief.com\/f\/files\/still%201.png\"><\/div>\r\n\t\t\t\t\t<\/figure>\r\n\t\t\t\t<\/div>\r\n\t\t\t<\/div>\r\n\t\t<\/div>\r\n\t<\/div>\r\n\t<div class=\"wpb_column vc_column_container vc_col-sm-6\">\r\n\t\t<div class=\"vc_column-inner\"><div class=\"wpb_wrapper\">\r\n\t\t\t<div class=\"wpb_text_column wpb_content_element \">\r\n\t\t\t\t<div class=\"wpb_wrapper\">\r\n\t\t\t<h2>Red Meat \/ Red Meat<\/h2><br>Eleni Aerts (KASK & Conservatorium, Ghent)<\/br>Belgija, 2024, 5'50''<\/br><br><p><p>Poeti\u010dna vizualizacija bole\u010dine, nelagodja in ranljivosti.\r\n      <\/p> <\/p>\r\n\r\n\t\t<\/div>\r\n\t<\/div>\r\n<\/div><\/div><\/div><\/div>\r\n\t<br>\r\n\t<div class=\"vc_col-sm-12 vc_gitem-col vc_gitem-col-align-\"><div class=\"vc_separator wpb_content_element vc_separator_align_center vc_sep_width_100 vc_sep_pos_align_center vc_separator_no_text vc_sep_color_grey\"><span class=\"vc_sep_holder vc_sep_holder_l\"><span class=\"vc_sep_line\"><\/span><\/span><span class=\"vc_sep_holder vc_sep_holder_r\"><span class=\"vc_sep_line\"><\/span><\/span>\r\n<\/div><\/div><br>\t\r\n<div class=\"vc_row wpb_row vc_row-fluid\">\r\n\t<div class=\"wpb_column vc_column_container vc_col-sm-6\">\r\n\t\t<div class=\"vc_column-inner\">\r\n\t\t\t<div class=\"wpb_wrapper\">\r\n\t\t\t\t<div class=\"wpb_single_image wpb_content_element vc_align_center\">\r\n\t\t\r\n\t\t\t\t\t<figure class=\"wpb_wrapper vc_figure\">\r\n\t\t\t\t\t\t<div class=\"vc_single_image-wrapper   vc_box_border_grey\"><img class=\"vc_single_image-img\" src=\"https:\/\/animateka.filmchief.com\/f\/files\/AndelinaPetrovic_WomensClub_Still_High_03.png\"><\/div>\r\n\t\t\t\t\t<\/figure>\r\n\t\t\t\t<\/div>\r\n\t\t\t<\/div>\r\n\t\t<\/div>\r\n\t<\/div>\r\n\t<div class=\"wpb_column vc_column_container vc_col-sm-6\">\r\n\t\t<div class=\"vc_column-inner\"><div class=\"wpb_wrapper\">\r\n\t\t\t<div class=\"wpb_text_column wpb_content_element \">\r\n\t\t\t\t<div class=\"wpb_wrapper\">\r\n\t\t\t<h2>Women\u2019s Club \/ Women\u2019s Club<\/h2><br>An\u0111elina Petrovi\u0107 (University of Nova Gorica, School of Arts)<\/br>Slovenija, 2025, 3'42''<\/br><br><p><p>\u017denska pride v klub na zabavo. Mo\u0161ki jo nadlegujejo od trenutka, ko stopi iz taksija. Nazadnje ji prekipi in enega od njih ubije na \u017eenskem strani\u0161\u010du.\r\n      <\/p> <\/p>\r\n\r\n\t\t<\/div>\r\n\t<\/div>\r\n<\/div><\/div><\/div><\/div>\r\n\t<br>\r\n\t<div class=\"vc_col-sm-12 vc_gitem-col vc_gitem-col-align-\"><div class=\"vc_separator wpb_content_element vc_separator_align_center vc_sep_width_100 vc_sep_pos_align_center vc_separator_no_text vc_sep_color_grey\"><span class=\"vc_sep_holder vc_sep_holder_l\"><span class=\"vc_sep_line\"><\/span><\/span><span class=\"vc_sep_holder vc_sep_holder_r\"><span class=\"vc_sep_line\"><\/span><\/span>\r\n<\/div><\/div><br>\t\r\n<div class=\"vc_row wpb_row vc_row-fluid\">\r\n\t<div class=\"wpb_column vc_column_container vc_col-sm-6\">\r\n\t\t<div class=\"vc_column-inner\">\r\n\t\t\t<div class=\"wpb_wrapper\">\r\n\t\t\t\t<div class=\"wpb_single_image wpb_content_element vc_align_center\">\r\n\t\t\r\n\t\t\t\t\t<figure class=\"wpb_wrapper vc_figure\">\r\n\t\t\t\t\t\t<div class=\"vc_single_image-wrapper   vc_box_border_grey\"><img class=\"vc_single_image-img\" src=\"https:\/\/animateka.filmchief.com\/f\/files\/immature_still%20%281%29.jpg\"><\/div>\r\n\t\t\t\t\t<\/figure>\r\n\t\t\t\t<\/div>\r\n\t\t\t<\/div>\r\n\t\t<\/div>\r\n\t<\/div>\r\n\t<div class=\"wpb_column vc_column_container vc_col-sm-6\">\r\n\t\t<div class=\"vc_column-inner\"><div class=\"wpb_wrapper\">\r\n\t\t\t<div class=\"wpb_text_column wpb_content_element \">\r\n\t\t\t\t<div class=\"wpb_wrapper\">\r\n\t\t\t<h2>Immature \/ Immature<\/h2><br>Eddy Wu (AKV St. Joost School of Art & Design)<\/br>Nizozemska, Tajvan, 2024, 5'57''<\/br><br><p><p>Barvit animirani dokumentarec, ki govori o fluidnosti in kompleksnosti spolne identitete. Predstavi izku\u0161njo transspolnega geja in prika\u017ee razli\u010dne vidike njegovega procesa samospoznavanja. &nbsp;\r\n      <\/p> <\/p>\r\n\r\n\t\t<\/div>\r\n\t<\/div>\r\n<\/div><\/div><\/div><\/div>\r\n\t<br>\r\n\t<div class=\"vc_col-sm-12 vc_gitem-col vc_gitem-col-align-\"><div class=\"vc_separator wpb_content_element vc_separator_align_center vc_sep_width_100 vc_sep_pos_align_center vc_separator_no_text vc_sep_color_grey\"><span class=\"vc_sep_holder vc_sep_holder_l\"><span class=\"vc_sep_line\"><\/span><\/span><span class=\"vc_sep_holder vc_sep_holder_r\"><span class=\"vc_sep_line\"><\/span><\/span>\r\n<\/div><\/div><br>[\/vc_column_text][\/vc_column][\/vc_row]<\/p>\n","protected":false},"excerpt":{"rendered":"<p>[vc_row css=&#8221;.vc_custom_1604469580079{margin-right: 5px !important;margin-left: 5px !important;}&#8221;][vc_column][vc_empty_space height=&#8221;40px&#8221;][vc_custom_heading source=&#8221;post_title&#8221; font_container=&#8221;tag:h2|text_align:center&#8221; use_theme_fonts=&#8221;yes&#8221; link=&#8221;|||&#8221;][vc_empty_space height=&#8221;20px&#8221;][vc_separator][\/vc_column][\/vc_row][vc_row][vc_column][vc_column_text]\u0160tudenti so prihodnost animacije. Hkrati so tudi najbolj inovativni in drzni ustvarjalci, ki se ne bojijo eksperimentiranja s tehnikami in temami svojih animacij. Panorama predstavlja raznolikost ustvarjalnosti evropskih \u0161tudentov animacije.[\/vc_column_text][\/vc_column][\/vc_row][vc_row][vc_column width=&#8221;1\/2&#8243;][vc_column_text]Dol\u017eina: 75&#8242;[\/vc_column_text][\/vc_column][vc_column width=&#8221;1\/2&#8243;][vc_btn title=&#8221;Slovenska kinoteka, 1\/12 ob 21:00&#8243; style=&#8221;classic&#8221;&nbsp;[&hellip;]<\/p>\n","protected":false},"author":83,"featured_media":26397,"parent":0,"menu_order":0,"comment_status":"closed","ping_status":"closed","template":"page-templates\/template_page-builder.php","meta":[],"acf":[],"_links":{"self":[{"href":"https:\/\/www.animateka.si\/2025\/wp-json\/wp\/v2\/pages\/26508"}],"collection":[{"href":"https:\/\/www.animateka.si\/2025\/wp-json\/wp\/v2\/pages"}],"about":[{"href":"https:\/\/www.animateka.si\/2025\/wp-json\/wp\/v2\/types\/page"}],"author":[{"embeddable":true,"href":"https:\/\/www.animateka.si\/2025\/wp-json\/wp\/v2\/users\/83"}],"replies":[{"embeddable":true,"href":"https:\/\/www.animateka.si\/2025\/wp-json\/wp\/v2\/comments?post=26508"}],"version-history":[{"count":5,"href":"https:\/\/www.animateka.si\/2025\/wp-json\/wp\/v2\/pages\/26508\/revisions"}],"predecessor-version":[{"id":27336,"href":"https:\/\/www.animateka.si\/2025\/wp-json\/wp\/v2\/pages\/26508\/revisions\/27336"}],"wp:featuredmedia":[{"embeddable":true,"href":"https:\/\/www.animateka.si\/2025\/wp-json\/wp\/v2\/media\/26397"}],"wp:attachment":[{"href":"https:\/\/www.animateka.si\/2025\/wp-json\/wp\/v2\/media?parent=26508"}],"curies":[{"name":"wp","href":"https:\/\/api.w.org\/{rel}","templated":true}]}}