{"id":26579,"date":"2025-11-10T18:31:00","date_gmt":"2025-11-10T17:31:00","guid":{"rendered":"https:\/\/www.animateka.si\/2025\/?page_id=26579"},"modified":"2025-11-16T14:34:26","modified_gmt":"2025-11-16T13:34:26","slug":"arco","status":"publish","type":"page","link":"https:\/\/www.animateka.si\/2025\/arco\/","title":{"rendered":"Arco (9+)"},"content":{"rendered":"<p>[vc_row css=&#8221;.vc_custom_1604469580079{margin-right: 5px !important;margin-left: 5px !important;}&#8221;][vc_column][vc_empty_space height=&#8221;40px&#8221;][vc_custom_heading source=&#8221;post_title&#8221; font_container=&#8221;tag:h2|text_align:center&#8221; use_theme_fonts=&#8221;yes&#8221; link=&#8221;|||&#8221;][vc_empty_space height=&#8221;20px&#8221;][\/vc_column][\/vc_row][vc_row][vc_column][vc_single_image image=&#8221;26580&#8243; img_size=&#8221;full&#8221; alignment=&#8221;center&#8221;][\/vc_column][\/vc_row][vc_row][vc_column width=&#8221;1\/3&#8243;][\/vc_column][vc_column width=&#8221;1\/3&#8243;][vc_btn title=&#8221;Kinodvor, 6\/12 ob 15:00&#8243; style=&#8221;classic&#8221; shape=&#8221;square&#8221; color=&#8221;black&#8221; size=&#8221;sm&#8221; align=&#8221;center&#8221; link=&#8221;|||&#8221;][\/vc_column][vc_column width=&#8221;1\/3&#8243;][vc_btn title=&#8221;Slovenska kinoteka, 7\/12 ob 17:00&#8243; style=&#8221;classic&#8221; shape=&#8221;square&#8221; color=&#8221;black&#8221; size=&#8221;sm&#8221; align=&#8221;center&#8221; link=&#8221;|||&#8221;][\/vc_column][\/vc_row][vc_row][vc_column][vc_separator][\/vc_column][\/vc_row][vc_row][vc_column width=&#8221;1\/3&#8243;][vc_column_text]Francija, 2025, 82&#8242;<br \/>\nV franco\u0161\u010dini s slovenskimi in angle\u0161kimi podnapisi[\/vc_column_text][\/vc_column][vc_column width=&#8221;1\/3&#8243;][\/vc_column][vc_column width=&#8221;1\/3&#8243;][\/vc_column][\/vc_row][vc_row][vc_column][vc_separator][vc_column_text]<strong>Re\u017eija: <\/strong>Ugo Bienvenu<br \/>\n<strong>Scenarij: <\/strong>Ugo Bienvenu, Felix De Givry<br \/>\n<strong>Avtor glasbe<\/strong><strong>:<\/strong> Arnaud Toulon<br \/>\n<strong>Monta\u017ea<\/strong><strong>:<\/strong> Nathan Jacquard<br \/>\n<strong>Oblikovanje zvoka<\/strong><strong>:<\/strong> Nicolas Becker, Andrea Ferrera, Cyril Holtz<br \/>\n<strong>Scenografija: <\/strong>Fabio Besse<br \/>\n<strong>Glavni animator<\/strong><strong>: <\/strong>Adam Sillard<br \/>\n<strong>Producenti:<\/strong> Felix De Givry, Natalie Portman, Sophie Mas<br \/>\n<strong>Produkcija:<\/strong> Remembers, MountainA<br \/>\n<strong>Glasovi:<\/strong> Alma Jodorowsky, Swann Arlaud, Margot Ringard Oldra, Oscar Tresanini, Vincent Macaigne, Louis Garrel, William Lebghil, Oxmo Puccino<br \/>\n<strong>Distribucija v Sloveniji:<\/strong> Cenex \/ Fivia[\/vc_column_text][vc_separator][vc_column_text]Ko desetletna Iris nekega dne zagleda \u010dudnega de\u010dka v mavri\u010dni obleki, ki pada z neba, se za\u010dne njena najve\u010dja pustolov\u0161\u010dina. De\u010dek z imenom Arco prihaja iz prihodnosti, kjer ljudje \u017eivijo v so\u017eitju z naravo in potujejo skozi \u010das po mavricah. Iris, ki ve\u010dino dni pre\u017eivi z robotsko varu\u0161ko in star\u0161e vidi le prek hologramov, se odlo\u010di, da bo Arcu pomagala poiskati njegov dom. Na poti odkrijeta svet, v katerem so ljudje pozabili na pristne stike, \u010dude\u017ee in domi\u0161ljijo \u2013 a tudi to, kako jih lahko znova najdejo.<br \/>\n<strong>Arco<\/strong> je ganljiva in vizualno o\u010darljiva animirana pustolov\u0161\u010dina o prijateljstvu, pogumu in mo\u010di domi\u0161ljije, ki nas spomni, da upanje vedno \u017eari kot mavrica po nevihti.[\/vc_column_text][vc_separator][vc_column_text]<em>Izjava re\u017eiserja<\/em><\/p>\n<p>\u010cas, v katerem \u017eivimo, je izrazito negotov, zapleten in zahteven. Zato sem potreboval kontrast, zgodbo, ki bi vlivala upanje in nas spodbudila, da si zamislimo svet \u2013 ne kakr\u0161en bo jutri (ta se zdi \u017ee obsojen na propad), temve\u010d pojutri\u0161njem. Privla\u010dno, uresni\u010dljivo obzorje, dosegljiv cilj, svet, v katerem bi bilo dobro \u017eiveti.<\/p>\n<p>Bolj kot kadarkoli v preteklosti se mi zdi, da je zdaj mogo\u010de karkoli, in verjeti moramo, da je mogo\u010de tudi najbolj\u0161e, da pa se najbolj\u0161e uresni\u010di, si ga moramo zamisliti.<\/p>\n<p>Od samega za\u010detka sem nameraval ustvariti film za vse, v klasi\u010dnem slogu, ambiciozno, v maniri pustolov\u0161\u010din, ki so me usodno zaznamovale in me navdihnile za ta poklic. To so denimo <em>E. T. \u2013 Vesolj\u010dek, Peter Pan, Ostr\u017eek, Moj sosed Totoro, Ponyo, Kiki\u2019s Delivery Service, Kralj in pti\u010d, Kirikou<\/em>. \u0160tevilni filmi za splo\u0161no publiko so na povr\u0161ju lahkotni, vendar zahtevni; filmi, ki nas opolnomo\u010dijo za resni\u010dni svet ter prevpra\u0161ujejo na\u0161o \u010dlove\u010dnost, na\u0161 odnos do drugih in do sveta.<\/p>\n<p>Arca odlikuje tako neomade\u017eevana \u010distost, da sem se temu projektu preprosto moral posvetiti z vsem srcem. \u017delim si, da gledalci po odhodu iz kinodvorane \u010darobnega pojava mavrice nikdar ve\u010d ne bi videli enako. Upam, da jim bo uspelo preslikati same sebe v obljubo druga\u010dne prihodnosti.[\/vc_column_text][vc_separator][vc_column_text]<em>Nagrade in festivali (izbor):<\/em><\/p>\n<p>&#8211; kristal za najbolj\u0161i celove\u010derni film, Annecy IAFF, 2025<br \/>\n&#8211; nominacija za zlato kamero, Cannes FF 2025<br \/>\n&#8211; nagrada za najbolj\u0161i celove\u010derni animirani film, Festival Europ\u00e9en du Film Fantastique de Strasbourg 2025<br \/>\n&#8211; posebne predstavitve, Cannes FF 2025<br \/>\n&#8211; uradni tekmovalni program Locarno Kids, Locarno FF 2025<br \/>\n&#8211; uradni tekmovalni program, Viennale IFF 2025<br \/>\n&#8211; uradni tekmovalni program, Toronto IFF 2025[\/vc_column_text][\/vc_column][\/vc_row]<\/p>\n","protected":false},"excerpt":{"rendered":"<p>[vc_row css=&#8221;.vc_custom_1604469580079{margin-right: 5px !important;margin-left: 5px !important;}&#8221;][vc_column][vc_empty_space height=&#8221;40px&#8221;][vc_custom_heading source=&#8221;post_title&#8221; font_container=&#8221;tag:h2|text_align:center&#8221; use_theme_fonts=&#8221;yes&#8221; link=&#8221;|||&#8221;][vc_empty_space height=&#8221;20px&#8221;][\/vc_column][\/vc_row][vc_row][vc_column][vc_single_image image=&#8221;26580&#8243; img_size=&#8221;full&#8221; alignment=&#8221;center&#8221;][\/vc_column][\/vc_row][vc_row][vc_column width=&#8221;1\/3&#8243;][\/vc_column][vc_column width=&#8221;1\/3&#8243;][vc_btn title=&#8221;Kinodvor, 6\/12 ob 15:00&#8243; style=&#8221;classic&#8221; shape=&#8221;square&#8221; color=&#8221;black&#8221; size=&#8221;sm&#8221; align=&#8221;center&#8221; link=&#8221;|||&#8221;][\/vc_column][vc_column width=&#8221;1\/3&#8243;][vc_btn title=&#8221;Slovenska kinoteka, 7\/12 ob 17:00&#8243; style=&#8221;classic&#8221; shape=&#8221;square&#8221; color=&#8221;black&#8221; size=&#8221;sm&#8221; align=&#8221;center&#8221; link=&#8221;|||&#8221;][\/vc_column][\/vc_row][vc_row][vc_column][vc_separator][\/vc_column][\/vc_row][vc_row][vc_column width=&#8221;1\/3&#8243;][vc_column_text]Francija, 2025, 82&#8242; V franco\u0161\u010dini s slovenskimi in angle\u0161kimi podnapisi[\/vc_column_text][\/vc_column][vc_column width=&#8221;1\/3&#8243;][\/vc_column][vc_column&nbsp;[&hellip;]<\/p>\n","protected":false},"author":83,"featured_media":26580,"parent":0,"menu_order":0,"comment_status":"closed","ping_status":"closed","template":"page-templates\/template_page-builder.php","meta":[],"acf":[],"_links":{"self":[{"href":"https:\/\/www.animateka.si\/2025\/wp-json\/wp\/v2\/pages\/26579"}],"collection":[{"href":"https:\/\/www.animateka.si\/2025\/wp-json\/wp\/v2\/pages"}],"about":[{"href":"https:\/\/www.animateka.si\/2025\/wp-json\/wp\/v2\/types\/page"}],"author":[{"embeddable":true,"href":"https:\/\/www.animateka.si\/2025\/wp-json\/wp\/v2\/users\/83"}],"replies":[{"embeddable":true,"href":"https:\/\/www.animateka.si\/2025\/wp-json\/wp\/v2\/comments?post=26579"}],"version-history":[{"count":18,"href":"https:\/\/www.animateka.si\/2025\/wp-json\/wp\/v2\/pages\/26579\/revisions"}],"predecessor-version":[{"id":27151,"href":"https:\/\/www.animateka.si\/2025\/wp-json\/wp\/v2\/pages\/26579\/revisions\/27151"}],"wp:featuredmedia":[{"embeddable":true,"href":"https:\/\/www.animateka.si\/2025\/wp-json\/wp\/v2\/media\/26580"}],"wp:attachment":[{"href":"https:\/\/www.animateka.si\/2025\/wp-json\/wp\/v2\/media?parent=26579"}],"curies":[{"name":"wp","href":"https:\/\/api.w.org\/{rel}","templated":true}]}}