{"id":26877,"date":"2025-11-11T15:48:55","date_gmt":"2025-11-11T14:48:55","guid":{"rendered":"https:\/\/www.animateka.si\/2025\/?page_id=26877"},"modified":"2025-11-11T15:49:26","modified_gmt":"2025-11-11T14:49:26","slug":"tekmovalni-program-v","status":"publish","type":"page","link":"https:\/\/www.animateka.si\/2025\/tekmovalni-program-v\/","title":{"rendered":"Tekmovalni program V"},"content":{"rendered":"<p>[vc_row css=&#8221;.vc_custom_1604469580079{margin-right: 5px !important;margin-left: 5px !important;}&#8221;][vc_column][vc_empty_space height=&#8221;40px&#8221;][vc_custom_heading source=&#8221;post_title&#8221; font_container=&#8221;tag:h2|text_align:center&#8221; use_theme_fonts=&#8221;yes&#8221; link=&#8221;|||&#8221;][vc_empty_space height=&#8221;20px&#8221;][vc_separator][\/vc_column][\/vc_row][vc_row][vc_column][vc_column_text]Najbolj\u0161i novi animirani filmi iz srednje in vzhodne Evrope se potegujejo za nagrado ob\u010dinstva in veliko nagrado mednarodne \u017eirije. Med re\u017eiserji najdemo tako legendarne animatorje kot avtorje prvencev in vse vmes.[\/vc_column_text][\/vc_column][\/vc_row][vc_row][vc_column width=&#8221;1\/2&#8243;][vc_column_text]Dol\u017eina: 74&#8242;[\/vc_column_text][\/vc_column][vc_column width=&#8221;1\/2&#8243;][vc_btn title=&#8221;Kinodvor, 5\/12 ob 21:00&#8243; style=&#8221;classic&#8221; shape=&#8221;square&#8221; color=&#8221;black&#8221; size=&#8221;sm&#8221; align=&#8221;right&#8221; link=&#8221;|||&#8221;][\/vc_column][\/vc_row][vc_row][vc_column][vc_separator][vc_column_text]\t\r\n<div class=\"vc_row wpb_row vc_row-fluid\">\r\n\t<div class=\"wpb_column vc_column_container vc_col-sm-6\">\r\n\t\t<div class=\"vc_column-inner\">\r\n\t\t\t<div class=\"wpb_wrapper\">\r\n\t\t\t\t<div class=\"wpb_single_image wpb_content_element vc_align_center\">\r\n\t\t\r\n\t\t\t\t\t<figure class=\"wpb_wrapper vc_figure\">\r\n\t\t\t\t\t\t<div class=\"vc_single_image-wrapper   vc_box_border_grey\"><img class=\"vc_single_image-img\" src=\"https:\/\/animateka.filmchief.com\/f\/files\/Luna%20Rossa.jpg\"><\/div>\r\n\t\t\t\t\t<\/figure>\r\n\t\t\t\t<\/div>\r\n\t\t\t<\/div>\r\n\t\t<\/div>\r\n\t<\/div>\r\n\t<div class=\"wpb_column vc_column_container vc_col-sm-6\">\r\n\t\t<div class=\"vc_column-inner\"><div class=\"wpb_wrapper\">\r\n\t\t\t<div class=\"wpb_text_column wpb_content_element \">\r\n\t\t\t\t<div class=\"wpb_wrapper\">\r\n\t\t\t<h2>Luna Rossa \/ Luna Rossa<\/h2><br>Priit P\u00e4rn, Olga P\u00e4rn (Eesti Joonisfilm, Miyu Productions)<\/br>Estonija, Francija, 2024, 32'38''<\/br><br><p><p>On opazuje. Ona igra. Pozabljena ljubezen ostaja. Luna je samo bleda pri\u010da. \u0160e vedno bleda.<\/p> <\/p>\r\n\r\n\t\t<\/div>\r\n\t<\/div>\r\n<\/div><\/div><\/div><\/div>\r\n\t<br>\r\n\t<div class=\"vc_col-sm-12 vc_gitem-col vc_gitem-col-align-\"><div class=\"vc_separator wpb_content_element vc_separator_align_center vc_sep_width_100 vc_sep_pos_align_center vc_separator_no_text vc_sep_color_grey\"><span class=\"vc_sep_holder vc_sep_holder_l\"><span class=\"vc_sep_line\"><\/span><\/span><span class=\"vc_sep_holder vc_sep_holder_r\"><span class=\"vc_sep_line\"><\/span><\/span>\r\n<\/div><\/div><br>\t\r\n<div class=\"vc_row wpb_row vc_row-fluid\">\r\n\t<div class=\"wpb_column vc_column_container vc_col-sm-6\">\r\n\t\t<div class=\"vc_column-inner\">\r\n\t\t\t<div class=\"wpb_wrapper\">\r\n\t\t\t\t<div class=\"wpb_single_image wpb_content_element vc_align_center\">\r\n\t\t\r\n\t\t\t\t\t<figure class=\"wpb_wrapper vc_figure\">\r\n\t\t\t\t\t\t<div class=\"vc_single_image-wrapper   vc_box_border_grey\"><img class=\"vc_single_image-img\" src=\"https:\/\/animateka.filmchief.com\/f\/files\/Amadinda_0000000001_02_X1_1211.jpg\"><\/div>\r\n\t\t\t\t\t<\/figure>\r\n\t\t\t\t<\/div>\r\n\t\t\t<\/div>\r\n\t\t<\/div>\r\n\t<\/div>\r\n\t<div class=\"wpb_column vc_column_container vc_col-sm-6\">\r\n\t\t<div class=\"vc_column-inner\"><div class=\"wpb_wrapper\">\r\n\t\t\t<div class=\"wpb_text_column wpb_content_element \">\r\n\t\t\t\t<div class=\"wpb_wrapper\">\r\n\t\t\t<h2>Next Step \/ Next Step<\/h2><br>Tam\u00e1s Patrovits (Reanimation Studio)<\/br>Mad\u017earska, 2025, 5'03''<\/br><br><p><p>Film, ustvarjen z linearnim animiranjem mno\u017eice izvirnih risografik pod kamero, je improvizacija na ritem kompozicij mad\u017earske tolkalne zasedbe&nbsp;Amadinda. Kot konsistentno konceptualno delo se odre\u010de vsakr\u0161ni naknadni digitalni obdelavi.<\/p> <\/p>\r\n\r\n\t\t<\/div>\r\n\t<\/div>\r\n<\/div><\/div><\/div><\/div>\r\n\t<br>\r\n\t<div class=\"vc_col-sm-12 vc_gitem-col vc_gitem-col-align-\"><div class=\"vc_separator wpb_content_element vc_separator_align_center vc_sep_width_100 vc_sep_pos_align_center vc_separator_no_text vc_sep_color_grey\"><span class=\"vc_sep_holder vc_sep_holder_l\"><span class=\"vc_sep_line\"><\/span><\/span><span class=\"vc_sep_holder vc_sep_holder_r\"><span class=\"vc_sep_line\"><\/span><\/span>\r\n<\/div><\/div><br>\t\r\n<div class=\"vc_row wpb_row vc_row-fluid\">\r\n\t<div class=\"wpb_column vc_column_container vc_col-sm-6\">\r\n\t\t<div class=\"vc_column-inner\">\r\n\t\t\t<div class=\"wpb_wrapper\">\r\n\t\t\t\t<div class=\"wpb_single_image wpb_content_element vc_align_center\">\r\n\t\t\r\n\t\t\t\t\t<figure class=\"wpb_wrapper vc_figure\">\r\n\t\t\t\t\t\t<div class=\"vc_single_image-wrapper   vc_box_border_grey\"><img class=\"vc_single_image-img\" src=\"https:\/\/animateka.filmchief.com\/f\/files\/Facuk-still-image-001.jpg\"><\/div>\r\n\t\t\t\t\t<\/figure>\r\n\t\t\t\t<\/div>\r\n\t\t\t<\/div>\r\n\t\t<\/div>\r\n\t<\/div>\r\n\t<div class=\"wpb_column vc_column_container vc_col-sm-6\">\r\n\t\t<div class=\"vc_column-inner\"><div class=\"wpb_wrapper\">\r\n\t\t\t<div class=\"wpb_text_column wpb_content_element \">\r\n\t\t\t\t<div class=\"wpb_wrapper\">\r\n\t\t\t<h2>Fa\u010duk \/ Fa\u010duk<\/h2><br>Maida Srabovi\u0107 (Octopics, Tetrabot, URGH!)<\/br>Hrva\u0161ka, Slovenija, 2025, 12'47''<\/br><br><p><p>V bogaboje\u010di vasi, ki le\u017ei med dvema rekama, je roditi \u00bbfa\u010duka\u00ab \u2013 nezakonskega otroka \u2013 smrtni greh. Vsi va\u0161\u010dani se izogibajo mladi nose\u010dnici, ki bo vsak \u010das rodila. Sredi tega ozkogledega, neprizanesljivega pode\u017eelskega okolja v njej nara\u0161\u010da strah.<\/p> <\/p>\r\n\r\n\t\t<\/div>\r\n\t<\/div>\r\n<\/div><\/div><\/div><\/div>\r\n\t<br>\r\n\t<div class=\"vc_col-sm-12 vc_gitem-col vc_gitem-col-align-\"><div class=\"vc_separator wpb_content_element vc_separator_align_center vc_sep_width_100 vc_sep_pos_align_center vc_separator_no_text vc_sep_color_grey\"><span class=\"vc_sep_holder vc_sep_holder_l\"><span class=\"vc_sep_line\"><\/span><\/span><span class=\"vc_sep_holder vc_sep_holder_r\"><span class=\"vc_sep_line\"><\/span><\/span>\r\n<\/div><\/div><br>\t\r\n<div class=\"vc_row wpb_row vc_row-fluid\">\r\n\t<div class=\"wpb_column vc_column_container vc_col-sm-6\">\r\n\t\t<div class=\"vc_column-inner\">\r\n\t\t\t<div class=\"wpb_wrapper\">\r\n\t\t\t\t<div class=\"wpb_single_image wpb_content_element vc_align_center\">\r\n\t\t\r\n\t\t\t\t\t<figure class=\"wpb_wrapper vc_figure\">\r\n\t\t\t\t\t\t<div class=\"vc_single_image-wrapper   vc_box_border_grey\"><img class=\"vc_single_image-img\" src=\"https:\/\/animateka.filmchief.com\/f\/files\/Styleframe_01.jpg\"><\/div>\r\n\t\t\t\t\t<\/figure>\r\n\t\t\t\t<\/div>\r\n\t\t\t<\/div>\r\n\t\t<\/div>\r\n\t<\/div>\r\n\t<div class=\"wpb_column vc_column_container vc_col-sm-6\">\r\n\t\t<div class=\"vc_column-inner\"><div class=\"wpb_wrapper\">\r\n\t\t\t<div class=\"wpb_text_column wpb_content_element \">\r\n\t\t\t\t<div class=\"wpb_wrapper\">\r\n\t\t\t<h2>Amarelo Banana \/ Amarelo Banana<\/h2><br>Alexandre Sousa (AIM Creative Studios, CUB Animation)<\/br>Portugalska, Mad\u017earska, 2025, 12'42''<\/br><br><p><p>Mo\u0161ki po \u0161e eni neprespani no\u010di naleti na nenavadno skupnost, ki \u017eivi v njegovem bloku in je ustvarila izpopolnjeno iluzijo.<\/p> <\/p>\r\n\r\n\t\t<\/div>\r\n\t<\/div>\r\n<\/div><\/div><\/div><\/div>\r\n\t<br>\r\n\t<div class=\"vc_col-sm-12 vc_gitem-col vc_gitem-col-align-\"><div class=\"vc_separator wpb_content_element vc_separator_align_center vc_sep_width_100 vc_sep_pos_align_center vc_separator_no_text vc_sep_color_grey\"><span class=\"vc_sep_holder vc_sep_holder_l\"><span class=\"vc_sep_line\"><\/span><\/span><span class=\"vc_sep_holder vc_sep_holder_r\"><span class=\"vc_sep_line\"><\/span><\/span>\r\n<\/div><\/div><br>\t\r\n<div class=\"vc_row wpb_row vc_row-fluid\">\r\n\t<div class=\"wpb_column vc_column_container vc_col-sm-6\">\r\n\t\t<div class=\"vc_column-inner\">\r\n\t\t\t<div class=\"wpb_wrapper\">\r\n\t\t\t\t<div class=\"wpb_single_image wpb_content_element vc_align_center\">\r\n\t\t\r\n\t\t\t\t\t<figure class=\"wpb_wrapper vc_figure\">\r\n\t\t\t\t\t\t<div class=\"vc_single_image-wrapper   vc_box_border_grey\"><img class=\"vc_single_image-img\" src=\"https:\/\/animateka.filmchief.com\/f\/files\/Emadi-Saadat_THE%20PROLOGUE_Courtesysixpackfilm_Web.jpg\"><\/div>\r\n\t\t\t\t\t<\/figure>\r\n\t\t\t\t<\/div>\r\n\t\t\t<\/div>\r\n\t\t<\/div>\r\n\t<\/div>\r\n\t<div class=\"wpb_column vc_column_container vc_col-sm-6\">\r\n\t\t<div class=\"vc_column-inner\"><div class=\"wpb_wrapper\">\r\n\t\t\t<div class=\"wpb_text_column wpb_content_element \">\r\n\t\t\t\t<div class=\"wpb_wrapper\">\r\n\t\t\t<h2>The Prologue \/ The Prologue<\/h2><br>Marzieh Emadi, Sina Saadat (neodvisni)<\/br>Avstrija, 2025, 11'00''<\/br><br><p><p>Kot nakazuje \u017ee naslov, se film za\u010dne z nebesi, torej s skoraj bibli\u010dnim za\u010detkom vseh za\u010detkov. Le da iz kvadra, ki lebdi v zraku, ne izstopi bo\u017eanstvo, temve\u010d mo\u0161ki v delovni obleki.<\/p> <\/p>\r\n\r\n\t\t<\/div>\r\n\t<\/div>\r\n<\/div><\/div><\/div><\/div>\r\n\t<br>\r\n\t<div class=\"vc_col-sm-12 vc_gitem-col vc_gitem-col-align-\"><div class=\"vc_separator wpb_content_element vc_separator_align_center vc_sep_width_100 vc_sep_pos_align_center vc_separator_no_text vc_sep_color_grey\"><span class=\"vc_sep_holder vc_sep_holder_l\"><span class=\"vc_sep_line\"><\/span><\/span><span class=\"vc_sep_holder vc_sep_holder_r\"><span class=\"vc_sep_line\"><\/span><\/span>\r\n<\/div><\/div><br>[\/vc_column_text][\/vc_column][\/vc_row]<\/p>\n","protected":false},"excerpt":{"rendered":"<p>[vc_row css=&#8221;.vc_custom_1604469580079{margin-right: 5px !important;margin-left: 5px !important;}&#8221;][vc_column][vc_empty_space height=&#8221;40px&#8221;][vc_custom_heading source=&#8221;post_title&#8221; font_container=&#8221;tag:h2|text_align:center&#8221; use_theme_fonts=&#8221;yes&#8221; link=&#8221;|||&#8221;][vc_empty_space height=&#8221;20px&#8221;][vc_separator][\/vc_column][\/vc_row][vc_row][vc_column][vc_column_text]Najbolj\u0161i novi animirani filmi iz srednje in vzhodne Evrope se potegujejo za nagrado ob\u010dinstva in veliko nagrado mednarodne \u017eirije. Med re\u017eiserji najdemo tako legendarne animatorje kot avtorje prvencev in vse vmes.[\/vc_column_text][\/vc_column][\/vc_row][vc_row][vc_column width=&#8221;1\/2&#8243;][vc_column_text]Dol\u017eina: 74&#8242;[\/vc_column_text][\/vc_column][vc_column width=&#8221;1\/2&#8243;][vc_btn title=&#8221;Kinodvor, 5\/12 ob 21:00&#8243; style=&#8221;classic&#8221;&nbsp;[&hellip;]<\/p>\n","protected":false},"author":83,"featured_media":26383,"parent":0,"menu_order":0,"comment_status":"closed","ping_status":"closed","template":"page-templates\/template_page-builder.php","meta":[],"acf":[],"_links":{"self":[{"href":"https:\/\/www.animateka.si\/2025\/wp-json\/wp\/v2\/pages\/26877"}],"collection":[{"href":"https:\/\/www.animateka.si\/2025\/wp-json\/wp\/v2\/pages"}],"about":[{"href":"https:\/\/www.animateka.si\/2025\/wp-json\/wp\/v2\/types\/page"}],"author":[{"embeddable":true,"href":"https:\/\/www.animateka.si\/2025\/wp-json\/wp\/v2\/users\/83"}],"replies":[{"embeddable":true,"href":"https:\/\/www.animateka.si\/2025\/wp-json\/wp\/v2\/comments?post=26877"}],"version-history":[{"count":2,"href":"https:\/\/www.animateka.si\/2025\/wp-json\/wp\/v2\/pages\/26877\/revisions"}],"predecessor-version":[{"id":26879,"href":"https:\/\/www.animateka.si\/2025\/wp-json\/wp\/v2\/pages\/26877\/revisions\/26879"}],"wp:featuredmedia":[{"embeddable":true,"href":"https:\/\/www.animateka.si\/2025\/wp-json\/wp\/v2\/media\/26383"}],"wp:attachment":[{"href":"https:\/\/www.animateka.si\/2025\/wp-json\/wp\/v2\/media?parent=26877"}],"curies":[{"name":"wp","href":"https:\/\/api.w.org\/{rel}","templated":true}]}}