{"id":27427,"date":"2025-11-17T18:26:34","date_gmt":"2025-11-17T17:26:34","guid":{"rendered":"https:\/\/www.animateka.si\/2025\/?page_id=27427"},"modified":"2025-11-18T14:41:26","modified_gmt":"2025-11-18T13:41:26","slug":"solski-program","status":"publish","type":"page","link":"https:\/\/www.animateka.si\/2025\/solski-program\/","title":{"rendered":"\u0160olski program"},"content":{"rendered":"<p>[vc_row css=&#8221;.vc_custom_1604469580079{margin-right: 5px !important;margin-left: 5px !important;}&#8221;][vc_column][vc_empty_space height=&#8221;40px&#8221;][vc_custom_heading source=&#8221;post_title&#8221; font_container=&#8221;tag:h2|text_align:center&#8221; use_theme_fonts=&#8221;yes&#8221;][vc_empty_space][vc_row_inner][vc_column_inner][vc_separator][\/vc_column_inner][\/vc_row_inner][vc_row_inner equal_height=&#8221;yes&#8221;][vc_column_inner width=&#8221;1\/2&#8243;][vc_single_image image=&#8221;27429&#8243; img_size=&#8221;large&#8221;][\/vc_column_inner][vc_column_inner width=&#8221;1\/2&#8243;][vc_custom_heading text=&#8221;Slonov tekmovalni program I (3-6 let)&#8221; font_container=&#8221;tag:h3|text_align:left&#8221; use_theme_fonts=&#8221;yes&#8221; css=&#8221;.vc_custom_1763396819001{margin-top: -5px !important;}&#8221; link=&#8221;|||&#8221;][vc_column_text]<span style=\"font-weight: 400;\">razli\u010dni avtorji, brez dialogov, pripovedovanje v sloven\u0161\u010dini<\/span>[\/vc_column_text][vc_column_text]<span style=\"font-weight: 400;\">1. december ob 9:00 in 11:00 v Kinodvoru.<\/span>[\/vc_column_text][vc_btn title=&#8221;Ve\u010d o programu&#8221; style=&#8221;classic&#8221; shape=&#8221;square&#8221; color=&#8221;black&#8221; size=&#8221;xs&#8221; link=&#8221;url:https%3A%2F%2Fwww.animateka.si%2F2025%2Fslonov-tekmovalni-program-i%2F|title:Slonov%20tekmovalni%20program%20I%2C%203%2B||&#8221;][vc_btn title=&#8221;Pedago\u0161ko gradivo&#8221; style=&#8221;classic&#8221; shape=&#8221;square&#8221; color=&#8221;black&#8221; size=&#8221;xs&#8221; link=&#8221;url:https%3A%2F%2Fwww.animateka.si%2Fassets%2F2025%2FSlon%20I_pg.pdf|||&#8221;][\/vc_column_inner][\/vc_row_inner][vc_row_inner][vc_column_inner][vc_empty_space][vc_separator][\/vc_column_inner][\/vc_row_inner][vc_row_inner][vc_column_inner width=&#8221;1\/2&#8243;][vc_single_image image=&#8221;27433&#8243; img_size=&#8221;large&#8221;][\/vc_column_inner][vc_column_inner width=&#8221;1\/2&#8243;][vc_custom_heading text=&#8221;Slonov tekmovalni program II (7-10 let)&#8221; font_container=&#8221;tag:h3|text_align:left&#8221; use_theme_fonts=&#8221;yes&#8221; css=&#8221;.vc_custom_1763397055074{margin-top: -5px !important;}&#8221; link=&#8221;|||&#8221;][vc_column_text]<span style=\"font-weight: 400;\">razli\u010dni avtorji, brez dialogov, pripovedovanje v sloven\u0161\u010dini<br \/>\n<\/span>[\/vc_column_text][vc_column_text]<span style=\"font-weight: 400;\">2. <\/span><span style=\"font-weight: 400;\">december ob 9:00 in 11:00 v Kinodvoru in ob 9:30 v Slovenski kinoteki.<\/span>[\/vc_column_text][vc_btn title=&#8221;Ve\u010d o programu&#8221; style=&#8221;classic&#8221; shape=&#8221;square&#8221; color=&#8221;black&#8221; size=&#8221;xs&#8221; link=&#8221;url:https%3A%2F%2Fwww.animateka.si%2F2025%2Fslonov-tekmovalni-program-ii%2F|title:Slonov%20tekmovalni%20program%20II%2C%207%2B||&#8221;][vc_btn title=&#8221;Pedago\u0161ko gradivo&#8221; style=&#8221;classic&#8221; shape=&#8221;square&#8221; color=&#8221;black&#8221; size=&#8221;xs&#8221; link=&#8221;url:https%3A%2F%2Fwww.animateka.si%2Fassets%2F2025%2FSlon%20II_pg.pdf|||&#8221;][\/vc_column_inner][\/vc_row_inner][vc_row_inner][vc_column_inner][vc_empty_space][vc_separator][\/vc_column_inner][\/vc_row_inner][vc_row_inner][vc_column_inner width=&#8221;1\/2&#8243;][vc_single_image image=&#8221;27441&#8243; img_size=&#8221;large&#8221;][\/vc_column_inner][vc_column_inner width=&#8221;1\/2&#8243;][vc_custom_heading text=&#8221;Slonov tekmovalni program III (11-14 let)&#8221; font_container=&#8221;tag:h3|text_align:left&#8221; use_theme_fonts=&#8221;yes&#8221; css=&#8221;.vc_custom_1763397393238{margin-top: -5px !important;}&#8221; link=&#8221;|||&#8221;][vc_column_text]<span style=\"font-weight: 400;\">razli\u010dni avtorji, brez dialogov<br \/>\n<\/span>[\/vc_column_text][vc_column_text]<span style=\"font-weight: 400;\">4. <\/span>december ob 11:00 v Kinodvoru in ob 11:30 v Slovenski kinoteki.[\/vc_column_text][vc_btn title=&#8221;Ve\u010d o programu&#8221; style=&#8221;classic&#8221; shape=&#8221;square&#8221; color=&#8221;black&#8221; size=&#8221;xs&#8221; link=&#8221;url:https%3A%2F%2Fwww.animateka.si%2F2025%2Fslonov-tekmovalni-program-iii%2F|title:Slonov%20tekmovalni%20program%20III%2C%2011%2B||&#8221;][vc_btn title=&#8221;Pedago\u0161ko gradivo&#8221; style=&#8221;classic&#8221; shape=&#8221;square&#8221; color=&#8221;black&#8221; size=&#8221;xs&#8221; link=&#8221;url:https%3A%2F%2Fwww.animateka.si%2Fassets%2F2025%2FSlon%20III_pg.pdf|||&#8221;][\/vc_column_inner][\/vc_row_inner][vc_row_inner][vc_column_inner][vc_empty_space][vc_separator][\/vc_column_inner][\/vc_row_inner][vc_row_inner][vc_column_inner width=&#8221;1\/2&#8243;][vc_single_image image=&#8221;27452&#8243; img_size=&#8221;large&#8221;][\/vc_column_inner][vc_column_inner width=&#8221;1\/2&#8243;][vc_custom_heading text=&#8221;Kinotripov svetovni jagodni izbor (15+)&#8221; font_container=&#8221;tag:h3|text_align:left&#8221; use_theme_fonts=&#8221;yes&#8221; css=&#8221;.vc_custom_1763397576873{margin-top: -5px !important;}&#8221; link=&#8221;|||&#8221;][vc_column_text]<span style=\"font-weight: 400;\">razli\u010dni avtorji, v franco\u0161\u010dini, \u0161pan\u0161\u010dini, fin\u0161\u010dini, angle\u0161\u010dini ali brez dialogov, podnapisi<br \/>\n<\/span>[\/vc_column_text][vc_column_text]4. december ob 8:30 v Kinodvoru in ob 9:00 v Slovenski kinoteki, 5. december ob 11:00 in 13:30 v Kinodvoru.<\/p>\n<p><em>Program Kinotripov svetovni jagodni izbor bo na \u0161olskih projekcijah predvajan brez filma V gozd.<\/em>[\/vc_column_text][vc_btn title=&#8221;Ve\u010d o programu&#8221; style=&#8221;classic&#8221; shape=&#8221;square&#8221; color=&#8221;black&#8221; size=&#8221;xs&#8221; link=&#8221;url:https%3A%2F%2Fwww.animateka.si%2F2025%2Fkinotripov-jagodni-izbor%2F|||&#8221;][vc_btn title=&#8221;Pedago\u0161ko gradivo&#8221; style=&#8221;classic&#8221; shape=&#8221;square&#8221; color=&#8221;black&#8221; size=&#8221;xs&#8221; link=&#8221;url:https%3A%2F%2Fwww.animateka.si%2Fassets%2F2025%2FKinotrip_pg.pdf|||&#8221;][\/vc_column_inner][\/vc_row_inner][vc_row_inner][vc_column_inner][vc_empty_space][vc_separator][\/vc_column_inner][\/vc_row_inner][vc_row_inner][vc_column_inner width=&#8221;1\/2&#8243;][vc_single_image image=&#8221;27480&#8243; img_size=&#8221;large&#8221;][\/vc_column_inner][vc_column_inner width=&#8221;1\/2&#8243;][vc_custom_heading text=&#8221;Animirani dokumentarci I (15+)&#8221; font_container=&#8221;tag:h3|text_align:left&#8221; use_theme_fonts=&#8221;yes&#8221; css=&#8221;.vc_custom_1763400500374{margin-top: -5px !important;}&#8221; link=&#8221;|||&#8221;][vc_column_text]<span style=\"font-weight: 400;\">razli\u010dni avtorji, v ru\u0161\u010dini, \u0161vicarski nem\u0161\u010dini, nem\u0161\u010dini, fin\u0161\u010dini, franco\u0161\u010dini, podnapisi<\/span>[\/vc_column_text][vc_column_text]<span style=\"font-weight: 400;\">4. december ob 15:00 v Slovenski kinoteki<\/span>[\/vc_column_text][vc_btn title=&#8221;Ve\u010d o programu&#8221; style=&#8221;classic&#8221; shape=&#8221;square&#8221; color=&#8221;black&#8221; size=&#8221;xs&#8221; link=&#8221;url:https%3A%2F%2Fwww.animateka.si%2F2025%2Fanimirani-dokumentarci-i%2F|||&#8221;][\/vc_column_inner][\/vc_row_inner][vc_row_inner][vc_column_inner][vc_empty_space][vc_separator][\/vc_column_inner][\/vc_row_inner][vc_row_inner][vc_column_inner width=&#8221;1\/2&#8243;][vc_single_image image=&#8221;26651&#8243; img_size=&#8221;large&#8221;][\/vc_column_inner][vc_column_inner width=&#8221;1\/2&#8243;][vc_custom_heading text=&#8221;Zgodbe iz \u010darobnega vrta (7+)&#8221; font_container=&#8221;tag:h3|text_align:left&#8221; use_theme_fonts=&#8221;yes&#8221; css=&#8221;.vc_custom_1763399009915{margin-top: -5px !important;}&#8221; link=&#8221;url:https%3A%2F%2Fanimateka.si%2F2025%2Fzgodbe-iz-carobnega-vrta%2F|title:Zgodbe%20iz%20%C4%8Darobnega%20vrta%2C%207%2B||&#8221;][vc_column_text]<span style=\"font-weight: 400;\">v sloven\u0161\u010dini z angle\u0161kimi podnapisi, s tehni\u010dnimi prilagoditvami za gluhe in naglu\u0161ne ter slepe in slabovidne<\/span>[\/vc_column_text][vc_column_text]<span style=\"font-weight: 400;\">V Kinodvoru 2.12. ob 13:00.<\/span>[\/vc_column_text][vc_btn title=&#8221;Ve\u010d o filmu&#8221; style=&#8221;classic&#8221; shape=&#8221;square&#8221; color=&#8221;black&#8221; size=&#8221;xs&#8221; link=&#8221;url:https%3A%2F%2Fanimateka.si%2F2025%2Fzgodbe-iz-carobnega-vrta%2F|title:Zgodbe%20iz%20%C4%8Darobnega%20vrta%2C%207%2B||&#8221;][vc_btn title=&#8221;Pedago\u0161ko gradivo&#8221; style=&#8221;classic&#8221; shape=&#8221;square&#8221; color=&#8221;black&#8221; size=&#8221;xs&#8221; link=&#8221;url:https%3A%2F%2Fdistribucija.animateka.si%2Fzgodbe-iz-carobnega-vrta%2Fpromo%2FZgodbe_pedagosko%2520gradivo_A4_final.pdf|||&#8221;][vc_btn title=&#8221;Knji\u017eica&#8221; style=&#8221;classic&#8221; shape=&#8221;square&#8221; color=&#8221;black&#8221; size=&#8221;xs&#8221; link=&#8221;url:https%3A%2F%2Fdistribucija.animateka.si%2Fzgodbe-iz-carobnega-vrta%2Fpromo%2FKNJIZICA_ZICV.pdf|||&#8221;][\/vc_column_inner][\/vc_row_inner][vc_row_inner][vc_column_inner][vc_empty_space][vc_separator][\/vc_column_inner][\/vc_row_inner][vc_row_inner][vc_column_inner width=&#8221;1\/2&#8243;][vc_single_image image=&#8221;26236&#8243; img_size=&#8221;large&#8221;][\/vc_column_inner][vc_column_inner width=&#8221;1\/2&#8243;][vc_custom_heading text=&#8221;Razstava zgodbe iz \u010darobnega vrta (O\u0160, S\u0160)&#8221; font_container=&#8221;tag:h3|text_align:left&#8221; use_theme_fonts=&#8221;yes&#8221; css=&#8221;.vc_custom_1763399386078{margin-top: -5px !important;}&#8221; link=&#8221;|||&#8221;][vc_column_text]<\/p>\n<div>Razstavni prostori Slovenske kinoteke<\/div>\n<div><\/div>\n<div>Termini: po dogovoru 1.\u20135. december, od 9. ure dalje<\/div>\n<div>Trajanje vodenega ogleda: 45min<br \/>\nPriporo\u010dena velikost skupine: do 30 u\u010dencev<\/div>\n<p>[\/vc_column_text][vc_btn title=&#8221;Ve\u010d o razstavi&#8221; style=&#8221;classic&#8221; shape=&#8221;square&#8221; color=&#8221;black&#8221; size=&#8221;xs&#8221; link=&#8221;url:https%3A%2F%2Fwww.animateka.si%2F2025%2Fzgodbe-iz-carobnega-vrta-razstava%2F|||&#8221;][\/vc_column_inner][\/vc_row_inner][vc_row_inner][vc_column_inner][vc_empty_space][vc_separator][\/vc_column_inner][\/vc_row_inner][vc_row_inner][vc_column_inner width=&#8221;1\/2&#8243;][vc_single_image image=&#8221;27492&#8243; img_size=&#8221;large&#8221;][\/vc_column_inner][vc_column_inner width=&#8221;1\/2&#8243;][vc_custom_heading text=&#8221;Tekmovalni VR (15+)&#8221; font_container=&#8221;tag:h3|text_align:left&#8221; use_theme_fonts=&#8221;yes&#8221; css=&#8221;.vc_custom_1763399516586{margin-top: -5px !important;}&#8221; link=&#8221;|||&#8221;][vc_column_text]<\/p>\n<div>Cirkulacija 2<\/div>\n<div><\/div>\n<div>\n<div>Termini: po dogovoru 1.\u20135. december, od 10. ure dalje<\/div>\n<div>Trajanje vodenega ogleda: 60min<br \/>\nPriporo\u010dena velikost skupine: 20-25 u\u010dencev<\/div>\n<\/div>\n<p>[\/vc_column_text][vc_btn title=&#8221;Ve\u010d o programu&#8221; style=&#8221;classic&#8221; shape=&#8221;square&#8221; color=&#8221;black&#8221; size=&#8221;xs&#8221; link=&#8221;url:https%3A%2F%2Fwww.animateka.si%2F2025%2Fvranimateka%2F|||&#8221;][\/vc_column_inner][\/vc_row_inner][vc_row_inner][vc_column_inner][vc_empty_space][vc_separator][\/vc_column_inner][\/vc_row_inner][vc_row_inner][vc_column_inner width=&#8221;1\/2&#8243;][vc_single_image image=&#8221;27495&#8243; img_size=&#8221;large&#8221;][\/vc_column_inner][vc_column_inner width=&#8221;1\/2&#8243;][vc_custom_heading text=&#8221;Sre\u010danje za pedagoge&#8221; font_container=&#8221;tag:h3|text_align:left&#8221; use_theme_fonts=&#8221;yes&#8221; css=&#8221;.vc_custom_1763400364926{margin-top: -5px !important;}&#8221; link=&#8221;|||&#8221;][vc_column_text]<span style=\"font-weight: 400;\">Kinodvor, 2.12. ob 13:00<\/span><\/p>\n<p><span style=\"font-weight: 400;\">Program:<\/span><span style=\"font-weight: 400;\"><br \/>\n<\/span><span style=\"font-weight: 400;\">13:00-14:15: Ogled filma Zgodbe iz \u010darobnega vrta v Kinodvoru<\/span><span style=\"font-weight: 400;\"><br \/>\n<\/span><span style=\"font-weight: 400;\">14:30-15:30: Vodstvo po razstavi v prisotnosti re\u017eiserja Leona Vidmarja v razstavnih prostorih Slovenske kinoteke<\/span><\/p>\n<p><i><span style=\"font-weight: 400;\">Udele\u017eba je brezpla\u010dna, obvezna pa prijava na <span style=\"text-decoration: underline;\">solski@kinodvor.org<\/span>. Sre\u010danje je namenjeno pedagogom. \u010ce bi se enake vsebine \u017eeleli udele\u017eiti z u\u010denci, toplo vabljeni tudi oni, vendar je zanje ogled pla\u010dljiv (3,20 eur\/u\u010denca). Ogledu razstave se v omenjenem terminu ne morejo pridru\u017eiti zaradi omejenega \u0161tevila mest, lahko pa poi\u0161\u010demo drug termin za razstavo.<\/span><\/i>[\/vc_column_text][\/vc_column_inner][\/vc_row_inner][vc_row_inner][vc_column_inner][vc_empty_space][vc_separator][\/vc_column_inner][\/vc_row_inner][vc_row_inner][vc_column_inner][vc_empty_space][vc_custom_heading text=&#8221;Prijave in dodatne informacije&#8221; font_container=&#8221;tag:h2|text_align:center&#8221; use_theme_fonts=&#8221;yes&#8221;][vc_empty_space][vc_empty_space][\/vc_column_inner][\/vc_row_inner][vc_row_inner][vc_column_inner][vc_custom_heading text=&#8221;Kinodvor&#8221; font_container=&#8221;tag:h3|text_align:left&#8221; use_theme_fonts=&#8221;yes&#8221; css=&#8221;.vc_custom_1763473168671{margin-top: -5px !important;}&#8221; link=&#8221;|||&#8221;][vc_column_text]<span style=\"font-weight: 400;\">Projekcijam Slonovega tekmovalnega programa in Kinotripovega svetovnega jagodnega izbora v Kinodvoru in Slovenski kinoteki sledijo pogovori, ki otroke in mlade popeljejo v svet animiranega filma, sre\u010danja z avtorji pa razkrivajo skrivnosti nastajanja animiranih zgodb.<\/span><\/p>\n<p><span style=\"font-weight: 400;\">Prijave: Anja Cepu\u0161 De\u010dman \u2014 <span style=\"text-decoration: underline;\"><a href=\"mailto:solski@kinodvor.org\">solski@kinodvor.org<\/a><\/span>, 030 315 701<\/span><span style=\"font-weight: 400;\"><br \/>\n<\/span><span style=\"font-weight: 400;\">Cena: 3,20 \u20ac \/ otroka, u\u010denca oz. dijaka (spremljevalci imajo prost vstop) <\/span><span style=\"font-weight: 400;\"><br \/>\n<\/span><i><span style=\"font-weight: 400;\">Mo\u017eni so dodatni termini.<\/span><\/i>[\/vc_column_text][\/vc_column_inner][\/vc_row_inner][vc_row_inner][vc_column_inner][vc_separator][\/vc_column_inner][\/vc_row_inner][vc_row_inner][vc_column_inner][vc_custom_heading text=&#8221;V kinih po Sloveniji&#8221; font_container=&#8221;tag:h3|text_align:left&#8221; use_theme_fonts=&#8221;yes&#8221; css=&#8221;.vc_custom_1763400066305{margin-top: -5px !important;}&#8221; link=&#8221;|||&#8221;][vc_column_text]<span style=\"font-weight: 400;\">Projekcije Slonovih tekmovalnih programov in Kinotripovega svetovnega jagodnega izbora si lahko ogledate med 1. in 5. decembrom v izbranih kinih po Sloveniji \u2013 po dogovoru z izbranim kinematografom.\u00a0<\/span><\/p>\n<p><span style=\"font-weight: 400;\">Prijave in ve\u010d informacij: Petra Gaj\u017eler &#8211; <\/span><span style=\"text-decoration: underline;\"><a href=\"mailto:petra.gajzler@animateka.si\"><span style=\"font-weight: 400;\">petra.gajzler@animateka.si<\/span><\/a><\/span><span style=\"font-weight: 400;\">, 040 517 986 ali kontakt izbranega kina<\/span><span style=\"font-weight: 400;\"><br \/>\n<\/span><span style=\"font-weight: 400;\">Cena: po ceniku posameznega kina<\/span>[\/vc_column_text][\/vc_column_inner][\/vc_row_inner][vc_row_inner][vc_column_inner][vc_separator][\/vc_column_inner][\/vc_row_inner][vc_row_inner][vc_column_inner][vc_custom_heading text=&#8221;Razstava Zgodbe iz \u010darobnega vrta&#8221; font_container=&#8221;tag:h3|text_align:left&#8221; use_theme_fonts=&#8221;yes&#8221; css=&#8221;.vc_custom_1763411640745{margin-top: -5px !important;}&#8221; link=&#8221;|||&#8221;][vc_column_text]<span style=\"font-weight: 400;\">Prijave: <\/span><span style=\"font-weight: 400;\">Vitja Dominku\u0161 Dreu\u00a0 \u2014 <span style=\"text-decoration: underline;\"><a href=\"mailto:vitja.dreu-dominkus@kinoteka.si\">vitja.dreu-dominkus@kinoteka.si<\/a><\/span>, 040 419 962<br \/>\n<\/span>Cena: 2,00 \u20ac \/ u\u010denca oz. dijaka (spremljevalci imajo prost vstop)<\/p>\n<p><i>Razstavo si je mo\u017eno ogledati med festivalom (1.-7.12.), pa tudi izven festivala do 28.6.2026. 3. in 7.12. je na razstavo prost vstop, vodstvo po razstavi pa je pla\u010dljivo.<\/i>[\/vc_column_text][\/vc_column_inner][\/vc_row_inner][vc_row_inner][vc_column_inner][vc_separator][\/vc_column_inner][\/vc_row_inner][vc_row_inner][vc_column_inner][vc_custom_heading text=&#8221;Tekmovalni VR&#8221; font_container=&#8221;tag:h3|text_align:left&#8221; use_theme_fonts=&#8221;yes&#8221; css=&#8221;.vc_custom_1763411696166{margin-top: -5px !important;}&#8221; link=&#8221;|||&#8221;][vc_column_text]<span style=\"font-weight: 400;\">Prijave: <\/span><span style=\"font-weight: 400;\">Jelena Dragutinovi\u0107\u00a0 \u2014 <span style=\"text-decoration: underline;\"><a href=\"mailto:jelena.dragutinovic@animateka.si\">jelena.dragutinovic@animateka.si<\/a><\/span>, 040 573 466<br \/>\n<\/span>Cena: 2,00 \u20ac \/ dijaka (spremljevalci imajo prost vstop)<\/p>\n<p>[\/vc_column_text][\/vc_column_inner][\/vc_row_inner][vc_row_inner][vc_column_inner][vc_separator][\/vc_column_inner][\/vc_row_inner][vc_row_inner][vc_column_inner][vc_custom_heading text=&#8221;Animirani dokumentarci I&#8221; font_container=&#8221;tag:h3|text_align:left&#8221; use_theme_fonts=&#8221;yes&#8221; css=&#8221;.vc_custom_1763400128912{margin-top: -5px !important;}&#8221; link=&#8221;|||&#8221;][vc_column_text]<span style=\"font-weight: 400;\">Prijave: Petra Gaj\u017eler &#8211; <\/span><span style=\"text-decoration: underline;\"><a href=\"mailto:petra.gajzler@animateka.si\"><span style=\"font-weight: 400;\">petra.gajzler@animateka.si<\/span><\/a><\/span><span style=\"font-weight: 400;\">, 040 517 986<\/span><span style=\"font-weight: 400;\"><br \/>\n<\/span><span style=\"font-weight: 400;\">Cena: 3,20 \u20ac \/ dijaka (spremljevalci imajo prost vstop)<\/span><\/p>\n<p><i>Program je na rednem sporedu in brez vodenega pogovora. Ob predhodni najavi se ga lahko udele\u017eite z manj\u0161o skupino dijakov, saj je \u0161tevilo mest omejeno.<\/i>[\/vc_column_text][\/vc_column_inner][\/vc_row_inner][\/vc_column][\/vc_row]<\/p>\n","protected":false},"excerpt":{"rendered":"<p>[vc_row css=&#8221;.vc_custom_1604469580079{margin-right: 5px !important;margin-left: 5px !important;}&#8221;][vc_column][vc_empty_space height=&#8221;40px&#8221;][vc_custom_heading source=&#8221;post_title&#8221; font_container=&#8221;tag:h2|text_align:center&#8221; use_theme_fonts=&#8221;yes&#8221;][vc_empty_space][vc_row_inner][vc_column_inner][vc_separator][\/vc_column_inner][\/vc_row_inner][vc_row_inner equal_height=&#8221;yes&#8221;][vc_column_inner width=&#8221;1\/2&#8243;][vc_single_image image=&#8221;27429&#8243; img_size=&#8221;large&#8221;][\/vc_column_inner][vc_column_inner width=&#8221;1\/2&#8243;][vc_custom_heading text=&#8221;Slonov tekmovalni program I (3-6 let)&#8221; font_container=&#8221;tag:h3|text_align:left&#8221; use_theme_fonts=&#8221;yes&#8221; css=&#8221;.vc_custom_1763396819001{margin-top: -5px !important;}&#8221; link=&#8221;|||&#8221;][vc_column_text]razli\u010dni avtorji, brez dialogov, pripovedovanje v sloven\u0161\u010dini[\/vc_column_text][vc_column_text]1. december ob 9:00 in 11:00 v Kinodvoru.[\/vc_column_text][vc_btn title=&#8221;Ve\u010d o programu&#8221; style=&#8221;classic&#8221; shape=&#8221;square&#8221; color=&#8221;black&#8221; size=&#8221;xs&#8221; link=&#8221;url:https%3A%2F%2Fwww.animateka.si%2F2025%2Fslonov-tekmovalni-program-i%2F|title:Slonov%20tekmovalni%20program%20I%2C%203%2B||&#8221;][vc_btn title=&#8221;Pedago\u0161ko gradivo&#8221;&nbsp;[&hellip;]<\/p>\n","protected":false},"author":83,"featured_media":26383,"parent":0,"menu_order":0,"comment_status":"closed","ping_status":"closed","template":"page-templates\/template_page-builder.php","meta":[],"acf":[],"_links":{"self":[{"href":"https:\/\/www.animateka.si\/2025\/wp-json\/wp\/v2\/pages\/27427"}],"collection":[{"href":"https:\/\/www.animateka.si\/2025\/wp-json\/wp\/v2\/pages"}],"about":[{"href":"https:\/\/www.animateka.si\/2025\/wp-json\/wp\/v2\/types\/page"}],"author":[{"embeddable":true,"href":"https:\/\/www.animateka.si\/2025\/wp-json\/wp\/v2\/users\/83"}],"replies":[{"embeddable":true,"href":"https:\/\/www.animateka.si\/2025\/wp-json\/wp\/v2\/comments?post=27427"}],"version-history":[{"count":58,"href":"https:\/\/www.animateka.si\/2025\/wp-json\/wp\/v2\/pages\/27427\/revisions"}],"predecessor-version":[{"id":27534,"href":"https:\/\/www.animateka.si\/2025\/wp-json\/wp\/v2\/pages\/27427\/revisions\/27534"}],"wp:featuredmedia":[{"embeddable":true,"href":"https:\/\/www.animateka.si\/2025\/wp-json\/wp\/v2\/media\/26383"}],"wp:attachment":[{"href":"https:\/\/www.animateka.si\/2025\/wp-json\/wp\/v2\/media?parent=27427"}],"curies":[{"name":"wp","href":"https:\/\/api.w.org\/{rel}","templated":true}]}}