{"id":25378,"date":"2024-11-20T13:13:24","date_gmt":"2024-11-20T12:13:24","guid":{"rendered":"https:\/\/www.animateka.si\/2026\/?page_id=25378"},"modified":"2025-11-25T12:16:31","modified_gmt":"2025-11-25T11:16:31","slug":"keep-festive","status":"publish","type":"page","link":"https:\/\/www.animateka.si\/2026\/keep-festive\/","title":{"rendered":"Keep Festive! x Animateka \u2013 varen prostor za vse"},"content":{"rendered":"<p>[vc_row css=&#8221;.vc_custom_1604469580079{margin-right: 5px !important;margin-left: 5px !important;}&#8221;][vc_column][vc_empty_space height=&#8221;40px&#8221;][vc_custom_heading source=&#8221;post_title&#8221; font_container=&#8221;tag:h2|text_align:center&#8221; use_theme_fonts=&#8221;yes&#8221;][vc_empty_space][vc_row_inner equal_height=&#8221;yes&#8221;][vc_column_inner][vc_single_image image=&#8221;25367&#8243; img_size=&#8221;large&#8221; alignment=&#8221;center&#8221;][\/vc_column_inner][\/vc_row_inner][vc_empty_space height=&#8221;20px&#8221;][vc_separator][vc_row_inner][vc_column_inner][vc_column_text]<strong>POMAGAJTE NAM USTVARJATI VAREN PROSTOR ZA VSE<\/strong><\/p>\n<p>Ker \u017eelimo, da Animateka ostane varen prostor za vse udele\u017eence, imamo politiko ni\u010delne tolerance do vseh vrst fizi\u010dnega in psihi\u010dnega nasilja ali kakr\u0161nega koli neprimernega vedenja.<\/p>\n<p>\u010ce sami ali kdo v va\u0161i bli\u017eini do\u017eivi karkoli od na\u0161tetega, vas prosimo, da o tem obvestite na\u0161o slu\u017ebo za goste na guests@animateka.si ali 069 940 390. \u010ce bi se raje pogovorili na \u0161tiri o\u010di, pa nas vsak festivalski dan med 10. in 22. uro najdete v Kinodvoru.<\/p>\n<p>Hvala za sodelovanje in hvala, da skupaj z nami soustvarjate zabavno in brezskrbno Animateko!<\/p>\n<p>***<\/p>\n<p>Animateka je del skupne pobude Keep Festive, ki se zavzema za prireditve brez nasilja in pomaga organizatorjem festivalov ustvarjati varnej\u0161i prostor za vse udele\u017eence.[\/vc_column_text][\/vc_column_inner][\/vc_row_inner][vc_single_image source=&#8221;external_link&#8221; alignment=&#8221;center&#8221; custom_src=&#8221;https:\/\/www.animateka.si\/2026\/wp-content\/uploads\/2023\/11\/Keep_Festive.jpg&#8221;][vc_empty_space height=&#8221;20px&#8221;][\/vc_column][\/vc_row]<\/p>\n","protected":false},"excerpt":{"rendered":"<p>[vc_row css=&#8221;.vc_custom_1604469580079{margin-right: 5px !important;margin-left: 5px !important;}&#8221;][vc_column][vc_empty_space height=&#8221;40px&#8221;][vc_custom_heading source=&#8221;post_title&#8221; font_container=&#8221;tag:h2|text_align:center&#8221; use_theme_fonts=&#8221;yes&#8221;][vc_empty_space][vc_row_inner equal_height=&#8221;yes&#8221;][vc_column_inner][vc_single_image image=&#8221;25367&#8243; img_size=&#8221;large&#8221; alignment=&#8221;center&#8221;][\/vc_column_inner][\/vc_row_inner][vc_empty_space height=&#8221;20px&#8221;][vc_separator][vc_row_inner][vc_column_inner][vc_column_text]POMAGAJTE NAM USTVARJATI VAREN PROSTOR ZA VSE Ker \u017eelimo, da Animateka ostane varen prostor za vse udele\u017eence, imamo politiko ni\u010delne tolerance do vseh vrst fizi\u010dnega in psihi\u010dnega nasilja ali kakr\u0161nega koli neprimernega vedenja. \u010ce sami ali&nbsp;[&hellip;]<\/p>\n","protected":false},"author":83,"featured_media":25367,"parent":0,"menu_order":0,"comment_status":"closed","ping_status":"closed","template":"page-templates\/template_page-builder.php","meta":[],"acf":[],"_links":{"self":[{"href":"https:\/\/www.animateka.si\/2026\/wp-json\/wp\/v2\/pages\/25378"}],"collection":[{"href":"https:\/\/www.animateka.si\/2026\/wp-json\/wp\/v2\/pages"}],"about":[{"href":"https:\/\/www.animateka.si\/2026\/wp-json\/wp\/v2\/types\/page"}],"author":[{"embeddable":true,"href":"https:\/\/www.animateka.si\/2026\/wp-json\/wp\/v2\/users\/83"}],"replies":[{"embeddable":true,"href":"https:\/\/www.animateka.si\/2026\/wp-json\/wp\/v2\/comments?post=25378"}],"version-history":[{"count":4,"href":"https:\/\/www.animateka.si\/2026\/wp-json\/wp\/v2\/pages\/25378\/revisions"}],"predecessor-version":[{"id":27652,"href":"https:\/\/www.animateka.si\/2026\/wp-json\/wp\/v2\/pages\/25378\/revisions\/27652"}],"wp:featuredmedia":[{"embeddable":true,"href":"https:\/\/www.animateka.si\/2026\/wp-json\/wp\/v2\/media\/25367"}],"wp:attachment":[{"href":"https:\/\/www.animateka.si\/2026\/wp-json\/wp\/v2\/media?parent=25378"}],"curies":[{"name":"wp","href":"https:\/\/api.w.org\/{rel}","templated":true}]}}