{"id":27753,"date":"2025-11-28T11:40:58","date_gmt":"2025-11-28T10:40:58","guid":{"rendered":"https:\/\/www.animateka.si\/2026\/?page_id=27753"},"modified":"2025-11-28T11:40:58","modified_gmt":"2025-11-28T10:40:58","slug":"animateka-na-zeleni-poti","status":"publish","type":"page","link":"https:\/\/www.animateka.si\/2026\/animateka-na-zeleni-poti\/","title":{"rendered":"Animateka na zeleni poti"},"content":{"rendered":"<p>[vc_row css=&#8221;.vc_custom_1604469580079{margin-right: 5px !important;margin-left: 5px !important;}&#8221;][vc_column][vc_empty_space height=&#8221;40px&#8221;][vc_custom_heading source=&#8221;post_title&#8221; font_container=&#8221;tag:h2|text_align:center&#8221; use_theme_fonts=&#8221;yes&#8221; link=&#8221;|||&#8221;][vc_empty_space height=&#8221;20px&#8221;][vc_separator][\/vc_column][\/vc_row][vc_row][vc_column][vc_column_text]Animateka si \u017ee vrsto let prizadeva organizirati festival na na\u010din, ki spo\u0161tuje okolje, skupnost in prostor, v katerem delujemo. Trajnostni razvoj razumemo kot nujno odgovornost kulturnega sektorja, zato si prizadevamo za premi\u0161ljeno rabo virov, zmanj\u0161anje okoljskega odtisa ter spodbujanje dobrih praks med ustvarjalci, obiskovalci in partnerji festivala. Kot \u010dlani festivalske mre\u017ee <strong><a href=\"https:\/\/animationfestivalnetwork.eu\/\">AFN (Animation Festival Network)<\/a><\/strong> se v bodo\u010de zavezujemo k poro\u010danju o svojem vplivu in nenehnem izbolj\u0161evanju v okviru zelene listine za filmske festivale (<strong><span style=\"text-decoration: underline;\"><a href=\"https:\/\/greencharterforfilmfestivals.org\/\">Green Charter for Film Festivals<\/a><\/span><\/strong>).<\/p>\n<p>Na\u0161e trajnostne aktivnosti se dotikajo vseh vidikov festivala \u2013 od transporta in tiskovin do rabe energije, prehrane in izobra\u017eevalnega programa. Ob tem se zavedamo, da trajnost ni enkratna odlo\u010ditev, temve\u010d proces. Z majhnimi koraki postopoma gradimo bolj odgovorno organizacijo festivala, ki vklju\u010duje ekolo\u0161ke, dru\u017ebene in ekonomske razse\u017enosti.<\/p>\n<p>Vabimo vas, da se nam pridru\u017eite na tej poti in skupaj z nami ustvarjate prijaznej\u0161i festival.[\/vc_column_text][vc_empty_space height=&#8221;20px&#8221;][vc_separator][\/vc_column][\/vc_row][vc_row][vc_column][vc_column_text]<\/p>\n<h4><strong>Transport<\/strong><\/h4>\n<p>&nbsp;<\/p>\n<p>V teku:<\/p>\n<ul>\n<li>Sodelovanje z LPP: brezpla\u010dni avtobusni prevozi za obiskovalce festivala in uvedba QR kod za natan\u010dnej\u0161e spremljanje uporabe avtobusov.<\/li>\n<li>Usklajen sistem zdru\u017eevanja prihodov in prevozov za goste z letali\u0161\u010da.<\/li>\n<li>Kadar je mo\u017eno in smiselno, so potovanja festivalskih gostov organizirana z vlakom ali avtobusom.<\/li>\n<li>Vsa festivalska prizori\u0161\u010da so locirana v mestnem sredi\u0161\u010du in dostopna z javnim prevozom, s kolesom ali pe\u0161.<\/li>\n<li>Spodbujanje ekipe k uporabi koles in javnega prevoza za prihod na delo.<\/li>\n<li>Pogostej\u0161i spletni sestanki festivalske ekipe namesto sre\u010danj v \u017eivo ter s tem manj slu\u017ebenih poti.<\/li>\n<\/ul>\n<p>V na\u010drtu:<\/p>\n<ul>\n<li>Sponzorstvo ponudnikov elektri\u010dnih vozil za prevoze festivalskih gostov.<\/li>\n<li>S posebnimi ugodnostmi motivirati goste k potovanju brez letalskih prevozov, kadar je to izvedljivo.<\/li>\n<\/ul>\n<p>[\/vc_column_text][vc_empty_space height=&#8221;20px&#8221;][vc_separator][\/vc_column][\/vc_row][vc_row][vc_column][vc_column_text]<\/p>\n<h4><strong>Tiskovine in promocijski materiali<\/strong><\/h4>\n<p>&nbsp;<\/p>\n<p>V teku:<\/p>\n<ul>\n<li>Opu\u0161\u010danje nepotrebnih tiskovin in optimizacija naklad (katalogi, programske knji\u017eice, plakati).<\/li>\n<li>Ponudba informacij za goste v digitalni obliki (brez tiskanih materialov in map).<\/li>\n<li>Recikliranje starih promocijskih materialov v uporabne izdelke v sodelovanju s kolektivom Smetumet.<\/li>\n<li>Prodaja festivalskega mercha iz organskega in recikliranega tekstila.<\/li>\n<li>Spodbujanje gostov k \u201cbring your own\u201d oz. ponovni uporabi ovratnih trakov za festivalske akreditacije.<\/li>\n<\/ul>\n<p>V na\u010drtu:<\/p>\n<ul>\n<li>Prehod na uporabniku \u0161e prijaznej\u0161o spletno stran kot glavno informacijsko orodje.<\/li>\n<li>Prodaja izdelkov kolektiva Smetumet iz recikliranih starih promocijskih materialov v festivalskem butiku.<\/li>\n<\/ul>\n<p>[\/vc_column_text][vc_empty_space height=&#8221;20px&#8221;][vc_separator][\/vc_column][\/vc_row][vc_row][vc_column][vc_column_text]<\/p>\n<h4><strong>Odpadki in raba energije<\/strong><\/h4>\n<p>&nbsp;<\/p>\n<p>V teku:<\/p>\n<ul>\n<li>Izbolj\u0161anje prakse lo\u010devanja odpadkov v festivalski pisarni in prostorih dru\u0161tva.<\/li>\n<li>Med festivalom dolo\u010dena oseba skrbi za pravilno in dosledno lo\u010devanje odpadkov.<\/li>\n<li>Preudarna raba energije v prostorih dru\u0161tva (redno uga\u0161anje naprav, manj potro\u0161nega materiala).<\/li>\n<li>Pomik k ponovni uporabi festivalske dekoracije, kadar je to mogo\u010de.<\/li>\n<\/ul>\n<p>V na\u010drtu:<\/p>\n<ul>\n<li>Sistemati\u010dno bele\u017eenje porabe energije, odpadkov in transporta (v skladu s smernicami The Green Charter for Film Festivals).<\/li>\n<li>Merjenje oglji\u010dnega odtisa vsake naslednje festivalske edicije.<\/li>\n<li>Opredelitev nadaljnjih ukrepov za zmanj\u0161anje koli\u010dine odpadkov in rabe energije.<\/li>\n<\/ul>\n<p>[\/vc_column_text][vc_empty_space height=&#8221;20px&#8221;][vc_separator][\/vc_column][\/vc_row][vc_row][vc_column][vc_column_text]<\/p>\n<h4><strong>Hrana in pija\u010da<\/strong><\/h4>\n<p>&nbsp;<\/p>\n<p>V teku:<\/p>\n<ul>\n<li>Prizadevanje za zmanj\u0161evanje rabe plastike za enkratno uporabo pri festivalskih pogostitvah. V primerih rabe gre za reciklirano plastiko, proizvedeno z uporabo zelene energije.<\/li>\n<li>Uporaba steklenih kozarcev, kerami\u010dnih kro\u017enikov in kovinskega pribora pri festivalskih pogostitvah.<\/li>\n<li>Povezovanje z lokalnimi ponudniki hrane in pija\u010de.<\/li>\n<li>Spodbujanje gostov k pitju vode iz pipe.<\/li>\n<li>Festivalske pogostitve se vse bolj nagibajo k plant-based ponudbi.<\/li>\n<\/ul>\n<p>V na\u010drtu:<\/p>\n<ul>\n<li>Prodaja trajnostnih steklenic iz nerjave\u010dega jekla v festivalski trgovini.<\/li>\n<\/ul>\n<p>[\/vc_column_text][vc_empty_space height=&#8221;20px&#8221;][vc_separator][\/vc_column][\/vc_row][vc_row][vc_column][vc_column_text]<\/p>\n<h4><strong>Program in izobra\u017eevalne vsebine<\/strong><\/h4>\n<p>&nbsp;<\/p>\n<p>V teku:<\/p>\n<ul>\n<li>Vklju\u010devanje filmov z okoljskimi in trajnostnimi tematikami v festivalski program.<\/li>\n<li>Distribucija dveh posebnih izobra\u017eevalnih programov za otroke Zeleni slon (7+ in 11+), ki obravnavata razli\u010dne vidike trajnostnega razvoja in varstva narave.<\/li>\n<li>Kadar je to mogo\u010de, delavnice za otroke in mlade vklju\u010dujejo ponovno uporabo ali uporabo recikliranih materialov, mentorji pa ob tem spodbujajo tudi njihovo premi\u0161ljeno in var\u010dno rabo.<\/li>\n<\/ul>\n<p>V na\u010drtu:<\/p>\n<ul>\n<li>Nadaljnje vklju\u010devanje trajnostnih vsebin v filmski program.<\/li>\n<li>\u0160iritev izobra\u017eevalnih programov v dr\u017eavah mre\u017ee AFN (Animation Festival Network).<\/li>\n<\/ul>\n<p>[\/vc_column_text][vc_empty_space height=&#8221;20px&#8221;][vc_separator][\/vc_column][\/vc_row][vc_row][vc_column][vc_column_text]<\/p>\n<h4><strong>Organizacija in upravljanje<\/strong><\/h4>\n<p>&nbsp;<\/p>\n<p>V teku:<\/p>\n<ul>\n<li>Dolgoro\u010dne interne razprave o trajnostnih praksah.<\/li>\n<li>Elektronski sistem akreditacij gostov in prijav filmov brez tiskanih prijav in formularjev.<\/li>\n<li>Redna sre\u010danja festivalov v okviru mre\u017ee AFN (Animation Festival Network), namenjena izmenjavi zelenih praks.<\/li>\n<\/ul>\n<p>V na\u010drtu:<\/p>\n<ul>\n<li>Imenovanje zelenih koordinatorjev v festivalski ekipi ter njihovo izobra\u017eevanje pod vodstvom Valent\u00edne Hu\u010dkove (Fest An\u010da).<\/li>\n<li>Oblikovanje celovitih ESG (okoljskih, socialnih in upravljavskih) strategij.<\/li>\n<li>Redno poro\u010danje o okoljskem vplivu festivala.<\/li>\n<\/ul>\n<p>[\/vc_column_text][vc_empty_space height=&#8221;20px&#8221;][vc_separator][\/vc_column][\/vc_row][vc_row][vc_column][vc_column_text]Za informacije in predloge se obrnite na Barbaro Be\u0161kovnik (<span style=\"text-decoration: underline;\"><a href=\"mailto:barbara.beskovnik@animateka.si\">barbara.beskovnik@animateka.si<\/a><\/span>).[\/vc_column_text][vc_empty_space height=&#8221;20px&#8221;][vc_separator][\/vc_column][\/vc_row]<\/p>\n","protected":false},"excerpt":{"rendered":"<p>[vc_row css=&#8221;.vc_custom_1604469580079{margin-right: 5px !important;margin-left: 5px !important;}&#8221;][vc_column][vc_empty_space height=&#8221;40px&#8221;][vc_custom_heading source=&#8221;post_title&#8221; font_container=&#8221;tag:h2|text_align:center&#8221; use_theme_fonts=&#8221;yes&#8221; link=&#8221;|||&#8221;][vc_empty_space height=&#8221;20px&#8221;][vc_separator][\/vc_column][\/vc_row][vc_row][vc_column][vc_column_text]Animateka si \u017ee vrsto let prizadeva organizirati festival na na\u010din, ki spo\u0161tuje okolje, skupnost in prostor, v katerem delujemo. Trajnostni razvoj razumemo kot nujno odgovornost kulturnega sektorja, zato si prizadevamo za premi\u0161ljeno rabo virov, zmanj\u0161anje okoljskega odtisa ter spodbujanje&nbsp;[&hellip;]<\/p>\n","protected":false},"author":83,"featured_media":26214,"parent":0,"menu_order":0,"comment_status":"closed","ping_status":"closed","template":"page-templates\/template_page-builder.php","meta":[],"acf":[],"_links":{"self":[{"href":"https:\/\/www.animateka.si\/2026\/wp-json\/wp\/v2\/pages\/27753"}],"collection":[{"href":"https:\/\/www.animateka.si\/2026\/wp-json\/wp\/v2\/pages"}],"about":[{"href":"https:\/\/www.animateka.si\/2026\/wp-json\/wp\/v2\/types\/page"}],"author":[{"embeddable":true,"href":"https:\/\/www.animateka.si\/2026\/wp-json\/wp\/v2\/users\/83"}],"replies":[{"embeddable":true,"href":"https:\/\/www.animateka.si\/2026\/wp-json\/wp\/v2\/comments?post=27753"}],"version-history":[{"count":7,"href":"https:\/\/www.animateka.si\/2026\/wp-json\/wp\/v2\/pages\/27753\/revisions"}],"predecessor-version":[{"id":27760,"href":"https:\/\/www.animateka.si\/2026\/wp-json\/wp\/v2\/pages\/27753\/revisions\/27760"}],"wp:featuredmedia":[{"embeddable":true,"href":"https:\/\/www.animateka.si\/2026\/wp-json\/wp\/v2\/media\/26214"}],"wp:attachment":[{"href":"https:\/\/www.animateka.si\/2026\/wp-json\/wp\/v2\/media?parent=27753"}],"curies":[{"name":"wp","href":"https:\/\/api.w.org\/{rel}","templated":true}]}}